{"id":1311,"date":"2017-08-08T11:50:51","date_gmt":"2017-08-08T09:50:51","guid":{"rendered":"http:\/\/www.eoiestepona.org\/web\/?page_id=1311"},"modified":"2019-06-21T12:10:35","modified_gmt":"2019-06-21T10:10:35","slug":"documentos-y-otros-tramites","status":"publish","type":"page","link":"https:\/\/www.eoiestepona.org\/web\/documentos-y-otros-tramites\/","title":{"rendered":"Documentos e impresos"},"content":{"rendered":"<div align=\"justify\"><span style=\"font-family: Helvetica,Arial,sans-serif;\"><b>Aqu\u00ed dispone de los documentos de Secretar\u00eda que se pueden descargar. Para cualquier informaci\u00f3n suplementaria, no dude en contactarnos.<\/b><\/span><\/div>\n<ul>\n<li style=\"list-style-type: none;\">\n<ul>\n<li><span style=\"font-family: Helvetica,Arial,sans-serif;\"><b><a href=\"http:\/\/eoiestepona.org\/doc_web\/anexo1.pdf\" target=\"_blank\" rel=\"me noopener noreferrer\">Anexo I<\/a> (solicitud de admisi\u00f3n)<\/b><\/span><\/li>\n<li><span style=\"font-family: Helvetica,Arial,sans-serif;\"><b><a href=\"http:\/\/eoiestepona.org\/doc_web\/anexo2.pdf\" target=\"_blank\" rel=\"noopener noreferrer\">Anexo II<\/a> (solicitud de admisi\u00f3n para cursos CAL)<\/b><\/span><\/li>\n<li><span style=\"font-family: Helvetica,Arial,sans-serif;\"><b><a href=\"http:\/\/eoiestepona.org\/doc_web\/matricula.pdf\" target=\"_blank\" rel=\"noopener noreferrer\">Anexo III<\/a> (impreso de matr\u00edcula)<\/b><\/span><\/li>\n<li><span style=\"font-family: Helvetica,Arial,sans-serif;\"><b><a href=\"http:\/\/eoiestepona.org\/doc_web\/anexo4.pdf\" target=\"_blank\" rel=\"noopener noreferrer\">Anexo IV<\/a> (impreso de matr\u00edcula para cursos CAL)<\/b><\/span><\/li>\n<li><span style=\"font-family: Helvetica,Arial,sans-serif;\"><b><a href=\"http:\/\/eoiestepona.org\/doc_web\/anexo5.pdf\" target=\"_blank\" rel=\"noopener noreferrer\">Anexo V<\/a> (certificaci\u00f3n de servicios en un centro biling\u00fce)<\/b><\/span><\/li>\n<li><span style=\"font-family: Helvetica,Arial,sans-serif;\"><b><a href=\"http:\/\/eoiestepona.org\/doc_web\/anexo6.pdf\" target=\"_blank\" rel=\"noopener noreferrer\">Anexo VI<\/a> (compromiso para prestar ense\u00f1anza biling\u00fce en un centro biling\u00fce autorizado)<\/b><\/span><\/li>\n<li><span style=\"font-family: Helvetica,Arial,sans-serif;\"><b><a href=\"http:\/\/eoiestepona.org\/doc_web\/anexo_v.pdf\" target=\"_blank\" rel=\"me noopener noreferrer\">Anexo V<\/a> (Certificaci\u00f3n de lengua extranjera)<br \/>\n<\/b><\/span><\/li>\n<li><span style=\"font-family: Helvetica,Arial,sans-serif;\"><b>Solicitud de <a href=\"http:\/\/www.eoiestepona.org\/doc_web\/solicitud_anulacion.pdf\" target=\"_blank\" rel=\"me noopener noreferrer\">Anulaci\u00f3n de Matr\u00edcula<\/a><\/b><\/span><\/li>\n<li><span style=\"font-family: Helvetica,Arial,sans-serif;\"><b>S<\/b><\/span><span style=\"font-family: Helvetica,Arial,sans-serif;\"><b>olicitud de <a href=\"http:\/\/www.eoiestepona.org\/doc_web\/solicitud_cambio_grupo.pdf\" target=\"_blank\" rel=\"me noopener noreferrer\">cambio de grupo<\/a><\/b><\/span><\/li>\n<li><span style=\"font-family: Helvetica,Arial,sans-serif;\"><b>Solicitud <a href=\"http:\/\/www.eoiestepona.org\/doc_web\/impreso_simultaneidad.pdf\" target=\"_blank\" rel=\"me noopener noreferrer\">simultaneidad<\/a><\/b><\/span><\/li>\n<li><span style=\"font-family: Helvetica,Arial,sans-serif;\"><b>Solicitud de <a href=\"http:\/\/www.eoiestepona.org\/doc_web\/solicitud_titulo.pdf\" target=\"_blank\" rel=\"noopener noreferrer\">expedici\u00f3n de t\u00edtulo<\/a><\/b><\/span><\/li>\n<\/ul>\n<\/li>\n<\/ul>\n","protected":false},"excerpt":{"rendered":"<p>Aqu\u00ed dispone de los documentos de Secretar\u00eda que se pueden descargar. Para cualquier informaci\u00f3n suplementaria, no dude en contactarnos. Anexo I (solicitud de admisi\u00f3n) Anexo II (solicitud de admisi\u00f3n para &#8230;<\/p>\n","protected":false},"author":2,"featured_media":0,"parent":0,"menu_order":0,"comment_status":"closed","ping_status":"closed","template":"","meta":{"footnotes":""},"class_list":["post-1311","page","type-page","status-publish","hentry"],"_links":{"self":[{"href":"https:\/\/www.eoiestepona.org\/web\/wp-json\/wp\/v2\/pages\/1311","targetHints":{"allow":["GET"]}}],"collection":[{"href":"https:\/\/www.eoiestepona.org\/web\/wp-json\/wp\/v2\/pages"}],"about":[{"href":"https:\/\/www.eoiestepona.org\/web\/wp-json\/wp\/v2\/types\/page"}],"author":[{"embeddable":true,"href":"https:\/\/www.eoiestepona.org\/web\/wp-json\/wp\/v2\/users\/2"}],"replies":[{"embeddable":true,"href":"https:\/\/www.eoiestepona.org\/web\/wp-json\/wp\/v2\/comments?post=1311"}],"version-history":[{"count":11,"href":"https:\/\/www.eoiestepona.org\/web\/wp-json\/wp\/v2\/pages\/1311\/revisions"}],"predecessor-version":[{"id":1968,"href":"https:\/\/www.eoiestepona.org\/web\/wp-json\/wp\/v2\/pages\/1311\/revisions\/1968"}],"wp:attachment":[{"href":"https:\/\/www.eoiestepona.org\/web\/wp-json\/wp\/v2\/media?parent=1311"}],"curies":[{"name":"wp","href":"https:\/\/api.w.org\/{rel}","templated":true}]}}