{"id":1315,"date":"2017-08-08T11:50:51","date_gmt":"2017-08-08T09:50:51","guid":{"rendered":"http:\/\/www.eoiestepona.org\/web\/?page_id=1315"},"modified":"2023-09-03T13:22:27","modified_gmt":"2023-09-03T11:22:27","slug":"frances","status":"publish","type":"page","link":"https:\/\/www.eoiestepona.org\/web\/frances\/","title":{"rendered":"Franc\u00e9s"},"content":{"rendered":"<p><img loading=\"lazy\" decoding=\"async\" class=\"alignleft wp-image-1658 size-medium\" src=\"http:\/\/www.eoiestepona.org\/web\/wp-content\/uploads\/2017\/08\/CIMG1392-234x300.jpg\" alt=\"\" width=\"234\" height=\"300\" srcset=\"https:\/\/www.eoiestepona.org\/web\/wp-content\/uploads\/2017\/08\/CIMG1392-234x300.jpg 234w, https:\/\/www.eoiestepona.org\/web\/wp-content\/uploads\/2017\/08\/CIMG1392.jpg 336w\" sizes=\"auto, (max-width: 234px) 100vw, 234px\" \/><\/p>\n<ul>\n<li><a href=\"http:\/\/www.eoiestepona.org\/web\/profesorado-frances\/\"><b><span style=\"font-family: Helvetica,Arial,sans-serif;\">Profesorado y tutor\u00edas<\/span><\/b><\/a><\/li>\n<li><b><span style=\"font-family: Helvetica,Arial,sans-serif;\"><a href=\"http:\/\/www.eoiestepona.org\/web\/horarios-de-frances\/\">Grupos y horarios<\/a><br \/>\n<\/span><\/b><\/li>\n<li><strong><span style=\"font-family: Helvetica,Arial,sans-serif;\"><a href=\"http:\/\/www.eoiestepona.org\/web\/libros-de-texto-frances\/\">Libros de frances<\/a><\/span><\/strong><\/li>\n<li><a href=\"http:\/\/www.eoiestepona.org\/web\/programacion-de-frances\/\"><b><span style=\"font-family: Helvetica,Arial,sans-serif;\">Programaci\u00f3n<\/span><\/b><\/a><b><\/b><\/li>\n<li><a href=\"https:\/\/www.eoiestepona.org\/web\/examenes-de-septiembre-frances\/\"><strong>Ex\u00e1menes<\/strong><\/a><\/li>\n<\/ul>\n<h4><\/h4>\n","protected":false},"excerpt":{"rendered":"<p>Profesorado y tutor\u00edas Grupos y horarios Libros de frances Programaci\u00f3n Ex\u00e1menes<\/p>\n","protected":false},"author":2,"featured_media":0,"parent":0,"menu_order":0,"comment_status":"closed","ping_status":"closed","template":"template-fullwidth.php","meta":{"footnotes":""},"class_list":["post-1315","page","type-page","status-publish","hentry"],"_links":{"self":[{"href":"https:\/\/www.eoiestepona.org\/web\/wp-json\/wp\/v2\/pages\/1315","targetHints":{"allow":["GET"]}}],"collection":[{"href":"https:\/\/www.eoiestepona.org\/web\/wp-json\/wp\/v2\/pages"}],"about":[{"href":"https:\/\/www.eoiestepona.org\/web\/wp-json\/wp\/v2\/types\/page"}],"author":[{"embeddable":true,"href":"https:\/\/www.eoiestepona.org\/web\/wp-json\/wp\/v2\/users\/2"}],"replies":[{"embeddable":true,"href":"https:\/\/www.eoiestepona.org\/web\/wp-json\/wp\/v2\/comments?post=1315"}],"version-history":[{"count":17,"href":"https:\/\/www.eoiestepona.org\/web\/wp-json\/wp\/v2\/pages\/1315\/revisions"}],"predecessor-version":[{"id":4885,"href":"https:\/\/www.eoiestepona.org\/web\/wp-json\/wp\/v2\/pages\/1315\/revisions\/4885"}],"wp:attachment":[{"href":"https:\/\/www.eoiestepona.org\/web\/wp-json\/wp\/v2\/media?parent=1315"}],"curies":[{"name":"wp","href":"https:\/\/api.w.org\/{rel}","templated":true}]}}