{"id":1316,"date":"2017-08-08T11:50:51","date_gmt":"2017-08-08T09:50:51","guid":{"rendered":"http:\/\/www.eoiestepona.org\/web\/?page_id=1316"},"modified":"2026-04-13T18:04:33","modified_gmt":"2026-04-13T16:04:33","slug":"alumnos-libres","status":"publish","type":"page","link":"https:\/\/www.eoiestepona.org\/web\/tasas\/alumnos-libres\/","title":{"rendered":"Ex\u00e1menes de certificaci\u00f3n"},"content":{"rendered":"<div>La Escuela Oficial de Idiomas de Estepona es centro examinador de las pruebas de certificaci\u00f3n de la Junta de Andaluc\u00eda.<\/div>\n<p>Toda la informaci\u00f3n sobre estas pruebas la podr\u00e1 encontrar en el <a href=\"https:\/\/www.juntadeandalucia.es\/educacion\/portals\/web\/ced\/idiomas\/pruebas-de-certificacion\/requisitos-y-equivalencias.-guia-del-estudiante\">portal de la Consejer\u00eda de Educaci\u00f3n<\/a> de la Junta de Andaluc\u00eda.<\/p>\n<p>Ex\u00e1menes de convocatorias anteriores: <a href=\"https:\/\/www.juntadeandalucia.es\/educacion\/portales\/alumnado\/idiomas\/pruebas-de-certificacion\/modelos-convocatoria-anterior\">https:\/\/www.juntadeandalucia.es\/educacion\/portales\/alumnado\/idiomas\/pruebas-de-certificacion\/modelos-convocatoria-anterior<\/a><\/p>\n<p>La matriculaci\u00f3n se puede realizar a trav\u00e9s de la <a href=\"https:\/\/www.juntadeandalucia.es\/educacion\/secretariavirtual\/\">Secretar\u00eda Virtual del 1 al 15 de abril.<\/a>\u00a0<\/p>\n\n\n<p>Matriculaci\u00f3n: <strong>DEL 1 AL 15 DE ABRIL<\/strong><\/p>\n\n\n\n<p class=\"has-text-align-center\"><strong><mark style=\"background-color:rgba(0, 0, 0, 0)\" class=\"has-inline-color has-vivid-cyan-blue-color\">CALENDARIO DE EX\u00c1MENES ESCRITOS DE CERTIFICACI\u00d3N<\/mark><\/strong><\/p>\n\n\n\n<figure class=\"wp-block-table is-style-stripes\"><table><tbody><tr><td class=\"has-text-align-center\" data-align=\"center\"><strong>Idioma<\/strong><\/td><td class=\"has-text-align-center\" data-align=\"center\">Nivel<\/td><td class=\"has-text-align-center\" data-align=\"center\"><strong>Convocatoria ordinaria<br>Pruebas escritas<\/strong><\/td><td class=\"has-text-align-center\" data-align=\"center\"><strong>Convocatoria extraordinaria<br>Pruebas escritas<\/strong><\/td><\/tr><tr><td class=\"has-text-align-center\" data-align=\"center\">Ingl\u00e9s<\/td><td class=\"has-text-align-center\" data-align=\"center\">B1<\/td><td class=\"has-text-align-center\" data-align=\"center\">mi\u00e9rcoles 27\/5\/2026<\/td><td class=\"has-text-align-center\" data-align=\"center\">martes 1\/9\/2026<\/td><\/tr><tr><td class=\"has-text-align-center\" data-align=\"center\">Ingl\u00e9s<\/td><td class=\"has-text-align-center\" data-align=\"center\">B2<\/td><td class=\"has-text-align-center\" data-align=\"center\">lunes 8\/6\/2026<\/td><td class=\"has-text-align-center\" data-align=\"center\">mi\u00e9rcoles 2\/9\/2026<\/td><\/tr><tr><td class=\"has-text-align-center\" data-align=\"center\">Ingl\u00e9s<\/td><td class=\"has-text-align-center\" data-align=\"center\">C1<\/td><td class=\"has-text-align-center\" data-align=\"center\">jueves 28\/5\/2026<\/td><td class=\"has-text-align-center\" data-align=\"center\">mi\u00e9rcoles 2\/9\/2026<strong>*<\/strong><\/td><\/tr><tr><td class=\"has-text-align-center\" data-align=\"center\">Franc\u00e9s<\/td><td class=\"has-text-align-center\" data-align=\"center\">B1<\/td><td class=\"has-text-align-center\" data-align=\"center\">martes 9\/6\/2026<\/td><td class=\"has-text-align-center\" data-align=\"center\">mi\u00e9rcoles 2\/9\/2026<strong>*<\/strong><\/td><\/tr><tr><td class=\"has-text-align-center\" data-align=\"center\">Franc\u00e9s<\/td><td class=\"has-text-align-center\" data-align=\"center\">B2<\/td><td class=\"has-text-align-center\" data-align=\"center\">martes 9\/6\/2026<\/td><td class=\"has-text-align-center\" data-align=\"center\">mi\u00e9rcoles 2\/9\/2026<strong>*<\/strong><\/td><\/tr><tr><td class=\"has-text-align-center\" data-align=\"center\">Franc\u00e9s<\/td><td class=\"has-text-align-center\" data-align=\"center\">C1<\/td><td class=\"has-text-align-center\" data-align=\"center\">martes 9\/6\/2026<\/td><td class=\"has-text-align-center\" data-align=\"center\">mi\u00e9rcoles 2\/9\/2026<strong>*<\/strong><\/td><\/tr><\/tbody><\/table><figcaption class=\"wp-element-caption\">Todas las pruebas comienzan a las 16.00 horas. <strong>*<\/strong> En horario de ma\u00f1ana 9:00. <br><br><\/figcaption><\/figure>\n\n\n\n<p>Gu\u00eda del candidato (<a href=\"https:\/\/www.juntadeandalucia.es\/educacion\/portales\/documents\/20123\/836079\/Gu%C3%ADa%20de%20las%20personas%20candidatas%20PEC-2024-2025.pdf\/425602b7-866d-5452-e084-f206f2186ef5?version=1.0\">a\u00f1ado anterior<\/a>)<\/p>\n\n\n\n<p><a href=\"https:\/\/www.juntadeandalucia.es\/eboja\/2026\/46\/BOJA26-046-00026-3164-01_00334384.pdf\" target=\"_blank\" rel=\"noreferrer noopener\">Publicaci\u00f3n en BOJA <\/a><\/p>\n\n\n\n<div class=\"wp-block-group\"><div class=\"wp-block-group__inner-container is-layout-constrained wp-block-group-is-layout-constrained\">\n<div class=\"wp-block-group\"><div class=\"wp-block-group__inner-container is-layout-constrained wp-block-group-is-layout-constrained\">\n<p class=\"has-text-align-center\"><strong><mark style=\"background-color:rgba(0, 0, 0, 0)\" class=\"has-inline-color has-vivid-cyan-blue-color\">CALENDARIO DE EX\u00c1MENES ORALES DE CERTIFICACI\u00d3N<\/mark><\/strong><\/p>\n\n\n\n<figure class=\"wp-block-table\"><table><tbody><tr><td class=\"has-text-align-center\" data-align=\"center\"><strong>Idioma<\/strong><\/td><td class=\"has-text-align-center\" data-align=\"center\">Nivel<\/td><td class=\"has-text-align-center\" data-align=\"center\"><strong>Convocatoria ordinaria<\/strong><br><strong>JUNIO<br>Pruebas orales<\/strong><\/td><td class=\"has-text-align-center\" data-align=\"center\"><strong>Convocatoria extraordinaria<\/strong><br><strong>SEPTIEMBRE<br>Pruebas orales<\/strong><\/td><\/tr><tr><td class=\"has-text-align-center\" data-align=\"center\">Ingl\u00e9s<\/td><td class=\"has-text-align-center\" data-align=\"center\">B1<\/td><td class=\"has-text-align-center\" data-align=\"center\">8 y 9 junio<\/td><td class=\"has-text-align-center\" data-align=\"center\">&#8211; septiembre<\/td><\/tr><tr><td class=\"has-text-align-center\" data-align=\"center\">Ingl\u00e9s<\/td><td class=\"has-text-align-center\" data-align=\"center\">B2<\/td><td class=\"has-text-align-center\" data-align=\"center\">15 y 16 junio<\/td><td class=\"has-text-align-center\" data-align=\"center\">-septiembre<\/td><\/tr><tr><td class=\"has-text-align-center\" data-align=\"center\">Ingl\u00e9s<\/td><td class=\"has-text-align-center\" data-align=\"center\">C1<\/td><td class=\"has-text-align-center\" data-align=\"center\">3 y 4 junio<\/td><td class=\"has-text-align-center\" data-align=\"center\">&#8211; septiembre<\/td><\/tr><tr><td class=\"has-text-align-center\" data-align=\"center\">Franc\u00e9s<\/td><td class=\"has-text-align-center\" data-align=\"center\">B1<\/td><td class=\"has-text-align-center\" data-align=\"center\">10 y 11 junio<\/td><td class=\"has-text-align-center\" data-align=\"center\">&#8211; septiembre<\/td><\/tr><tr><td class=\"has-text-align-center\" data-align=\"center\">Franc\u00e9s<\/td><td class=\"has-text-align-center\" data-align=\"center\">B2<\/td><td class=\"has-text-align-center\" data-align=\"center\">10 y 11 junio<\/td><td class=\"has-text-align-center\" data-align=\"center\">&#8211; septiembre<\/td><\/tr><tr><td class=\"has-text-align-center\" data-align=\"center\">Franc\u00e9s<\/td><td class=\"has-text-align-center\" data-align=\"center\">C1<\/td><td class=\"has-text-align-center\" data-align=\"center\">10 y 11 junio<\/td><td class=\"has-text-align-center\" data-align=\"center\">&#8211; septiembre<\/td><\/tr><\/tbody><\/table><\/figure>\n\n\n\n<p>Los ex\u00e1menes orales se realizar\u00e1n en horario de tarde a partir de las 16.00 horas. <\/p>\n\n\n\n<p>El d\u00eda exacto y la hora del oral se confirmar\u00e1 el d\u00eda de la parte escrita de manera individual.<\/p>\n\n\n\n<figure class=\"wp-block-image size-full is-resized\"><img loading=\"lazy\" decoding=\"async\" width=\"501\" height=\"516\" src=\"https:\/\/www.eoiestepona.org\/web\/wp-content\/uploads\/2026\/04\/horariospuc.jpg\" alt=\"\" class=\"wp-image-6773\" style=\"aspect-ratio:0.9709316126804636;width:763px;height:auto\" srcset=\"https:\/\/www.eoiestepona.org\/web\/wp-content\/uploads\/2026\/04\/horariospuc.jpg 501w, https:\/\/www.eoiestepona.org\/web\/wp-content\/uploads\/2026\/04\/horariospuc-291x300.jpg 291w\" sizes=\"auto, (max-width: 501px) 100vw, 501px\" \/><\/figure>\n<\/div><\/div>\n<\/div><\/div>\n\n\n\n<hr class=\"wp-block-separator has-alpha-channel-opacity\"\/>\n\n\n\n<p>.<\/p>\n","protected":false},"excerpt":{"rendered":"<p>La Escuela Oficial de Idiomas de Estepona es centro examinador de las pruebas de certificaci\u00f3n de la Junta de Andaluc\u00eda. Toda la informaci\u00f3n sobre estas pruebas la podr\u00e1 encontrar en &#8230;<\/p>\n","protected":false},"author":2,"featured_media":0,"parent":1516,"menu_order":0,"comment_status":"closed","ping_status":"closed","template":"template-fullwidth.php","meta":{"footnotes":""},"class_list":["post-1316","page","type-page","status-publish","hentry"],"_links":{"self":[{"href":"https:\/\/www.eoiestepona.org\/web\/wp-json\/wp\/v2\/pages\/1316","targetHints":{"allow":["GET"]}}],"collection":[{"href":"https:\/\/www.eoiestepona.org\/web\/wp-json\/wp\/v2\/pages"}],"about":[{"href":"https:\/\/www.eoiestepona.org\/web\/wp-json\/wp\/v2\/types\/page"}],"author":[{"embeddable":true,"href":"https:\/\/www.eoiestepona.org\/web\/wp-json\/wp\/v2\/users\/2"}],"replies":[{"embeddable":true,"href":"https:\/\/www.eoiestepona.org\/web\/wp-json\/wp\/v2\/comments?post=1316"}],"version-history":[{"count":88,"href":"https:\/\/www.eoiestepona.org\/web\/wp-json\/wp\/v2\/pages\/1316\/revisions"}],"predecessor-version":[{"id":6789,"href":"https:\/\/www.eoiestepona.org\/web\/wp-json\/wp\/v2\/pages\/1316\/revisions\/6789"}],"up":[{"embeddable":true,"href":"https:\/\/www.eoiestepona.org\/web\/wp-json\/wp\/v2\/pages\/1516"}],"wp:attachment":[{"href":"https:\/\/www.eoiestepona.org\/web\/wp-json\/wp\/v2\/media?parent=1316"}],"curies":[{"name":"wp","href":"https:\/\/api.w.org\/{rel}","templated":true}]}}