{"id":1317,"date":"2017-08-08T11:50:51","date_gmt":"2017-08-08T09:50:51","guid":{"rendered":"http:\/\/www.eoiestepona.org\/web\/?page_id=1317"},"modified":"2026-04-20T18:10:37","modified_gmt":"2026-04-20T16:10:37","slug":"contacto-2","status":"publish","type":"page","link":"https:\/\/www.eoiestepona.org\/web\/contacto-2\/","title":{"rendered":"Contacto y Horarios"},"content":{"rendered":"<header id=\"main-header\" data-height-onload=\"66\"><\/header>\n<header data-height-onload=\"66\"><\/header>\n<p><img loading=\"lazy\" decoding=\"async\" class=\"alignleft size-medium wp-image-1368\" src=\"http:\/\/www.eoiestepona.org\/web\/wp-content\/uploads\/2017\/08\/CIMG4629-300x225.jpg\" alt=\"\" width=\"300\" height=\"225\" srcset=\"https:\/\/www.eoiestepona.org\/web\/wp-content\/uploads\/2017\/08\/CIMG4629-300x225.jpg 300w, https:\/\/www.eoiestepona.org\/web\/wp-content\/uploads\/2017\/08\/CIMG4629-768x576.jpg 768w, https:\/\/www.eoiestepona.org\/web\/wp-content\/uploads\/2017\/08\/CIMG4629-1024x768.jpg 1024w, https:\/\/www.eoiestepona.org\/web\/wp-content\/uploads\/2017\/08\/CIMG4629.jpg 1600w\" sizes=\"auto, (max-width: 300px) 100vw, 300px\" \/><\/p>\n<p><strong>Direcci\u00f3n:<\/strong> Calle Fuente Mar\u00eda Gil, 30, 29680 &#8211; Estepona &#8211; M\u00e1laga<\/p>\n<p><strong>Tel\u00e9fono:<\/strong> 697953189<\/p>\n<p><strong>Email:<\/strong> secretaria.eoiestepona@gmail.com<\/p>\n<p><strong>Horario de atenci\u00f3n al p\u00fablico: <\/strong>de lunes a jueves en horario de tarde de 16.00 a 20.00 horas y viernes de 10.00 a 13.30<\/p>\n<p>&nbsp;<\/p>\n<p>&nbsp;<\/p>\n<p><strong>\u00a0<\/strong><\/p>\n","protected":false},"excerpt":{"rendered":"<p>Direcci\u00f3n: Calle Fuente Mar\u00eda Gil, 30, 29680 &#8211; Estepona &#8211; M\u00e1laga Tel\u00e9fono: 697953189 Email: secretaria.eoiestepona@gmail.com Horario de atenci\u00f3n al p\u00fablico: de lunes a jueves en horario de tarde de 16.00 &#8230;<\/p>\n","protected":false},"author":2,"featured_media":0,"parent":0,"menu_order":0,"comment_status":"closed","ping_status":"closed","template":"","meta":{"footnotes":""},"class_list":["post-1317","page","type-page","status-publish","hentry"],"_links":{"self":[{"href":"https:\/\/www.eoiestepona.org\/web\/wp-json\/wp\/v2\/pages\/1317","targetHints":{"allow":["GET"]}}],"collection":[{"href":"https:\/\/www.eoiestepona.org\/web\/wp-json\/wp\/v2\/pages"}],"about":[{"href":"https:\/\/www.eoiestepona.org\/web\/wp-json\/wp\/v2\/types\/page"}],"author":[{"embeddable":true,"href":"https:\/\/www.eoiestepona.org\/web\/wp-json\/wp\/v2\/users\/2"}],"replies":[{"embeddable":true,"href":"https:\/\/www.eoiestepona.org\/web\/wp-json\/wp\/v2\/comments?post=1317"}],"version-history":[{"count":34,"href":"https:\/\/www.eoiestepona.org\/web\/wp-json\/wp\/v2\/pages\/1317\/revisions"}],"predecessor-version":[{"id":6790,"href":"https:\/\/www.eoiestepona.org\/web\/wp-json\/wp\/v2\/pages\/1317\/revisions\/6790"}],"wp:attachment":[{"href":"https:\/\/www.eoiestepona.org\/web\/wp-json\/wp\/v2\/media?parent=1317"}],"curies":[{"name":"wp","href":"https:\/\/api.w.org\/{rel}","templated":true}]}}