{"id":1318,"date":"2017-08-08T11:50:51","date_gmt":"2017-08-08T09:50:51","guid":{"rendered":"http:\/\/www.eoiestepona.org\/web\/?page_id=1318"},"modified":"2021-09-07T12:39:28","modified_gmt":"2021-09-07T10:39:28","slug":"ingles","status":"publish","type":"page","link":"https:\/\/www.eoiestepona.org\/web\/ingles\/","title":{"rendered":"Ingl\u00e9s"},"content":{"rendered":"<p><img loading=\"lazy\" decoding=\"async\" class=\"alignleft size-medium wp-image-1460\" src=\"http:\/\/www.eoiestepona.org\/web\/wp-content\/uploads\/2017\/08\/london-213x300.jpg\" alt=\"\" width=\"213\" height=\"300\" srcset=\"https:\/\/www.eoiestepona.org\/web\/wp-content\/uploads\/2017\/08\/london-213x300.jpg 213w, https:\/\/www.eoiestepona.org\/web\/wp-content\/uploads\/2017\/08\/london.jpg 564w\" sizes=\"auto, (max-width: 213px) 100vw, 213px\" \/><\/p>\n<ul>\n<li><a href=\"http:\/\/www.eoiestepona.org\/web\/profesorado-de-ingles\/\"><b><span style=\"font-family: Helvetica,Arial,sans-serif;\">Profesorado y tutor\u00edas<\/span><\/b><\/a><\/li>\n<li><b><span style=\"font-family: Helvetica,Arial,sans-serif;\"><a href=\"http:\/\/www.eoiestepona.org\/web\/horarios-de-ingles\/\">Grupos y horarios<\/a><\/span><\/b><\/li>\n<li><a href=\"http:\/\/www.eoiestepona.org\/web\/libros-de-ingles\/\"><b><span style=\"font-family: Helvetica,Arial,sans-serif;\">Libros de ingl\u00e9s<\/span><\/b><\/a><\/li>\n<li><a href=\"http:\/\/www.eoiestepona.org\/web\/programacion-de-ingles\/\"><b><span style=\"font-family: Helvetica,Arial,sans-serif;\">Programaci\u00f3n<\/span><\/b><\/a><b><\/b><\/li>\n<li><strong><a href=\"http:\/\/www.eoiestepona.org\/web\/examenes-de-septiembre-ingles\/\">Ex\u00e1menes de ingl\u00e9s<\/a><\/strong><\/li>\n<\/ul>\n","protected":false},"excerpt":{"rendered":"<p>Profesorado y tutor\u00edas Grupos y horarios Libros de ingl\u00e9s Programaci\u00f3n Ex\u00e1menes de ingl\u00e9s<\/p>\n","protected":false},"author":2,"featured_media":1372,"parent":0,"menu_order":0,"comment_status":"closed","ping_status":"closed","template":"template-fullwidth.php","meta":{"footnotes":""},"class_list":["post-1318","page","type-page","status-publish","has-post-thumbnail","hentry"],"_links":{"self":[{"href":"https:\/\/www.eoiestepona.org\/web\/wp-json\/wp\/v2\/pages\/1318","targetHints":{"allow":["GET"]}}],"collection":[{"href":"https:\/\/www.eoiestepona.org\/web\/wp-json\/wp\/v2\/pages"}],"about":[{"href":"https:\/\/www.eoiestepona.org\/web\/wp-json\/wp\/v2\/types\/page"}],"author":[{"embeddable":true,"href":"https:\/\/www.eoiestepona.org\/web\/wp-json\/wp\/v2\/users\/2"}],"replies":[{"embeddable":true,"href":"https:\/\/www.eoiestepona.org\/web\/wp-json\/wp\/v2\/comments?post=1318"}],"version-history":[{"count":14,"href":"https:\/\/www.eoiestepona.org\/web\/wp-json\/wp\/v2\/pages\/1318\/revisions"}],"predecessor-version":[{"id":3692,"href":"https:\/\/www.eoiestepona.org\/web\/wp-json\/wp\/v2\/pages\/1318\/revisions\/3692"}],"wp:featuredmedia":[{"embeddable":true,"href":"https:\/\/www.eoiestepona.org\/web\/wp-json\/wp\/v2\/media\/1372"}],"wp:attachment":[{"href":"https:\/\/www.eoiestepona.org\/web\/wp-json\/wp\/v2\/media?parent=1318"}],"curies":[{"name":"wp","href":"https:\/\/api.w.org\/{rel}","templated":true}]}}