{"id":1365,"date":"2017-08-08T12:28:04","date_gmt":"2017-08-08T10:28:04","guid":{"rendered":"http:\/\/www.eoiestepona.org\/web\/?page_id=1365"},"modified":"2017-10-27T18:55:12","modified_gmt":"2017-10-27T16:55:12","slug":"recursos-frances","status":"publish","type":"page","link":"https:\/\/www.eoiestepona.org\/web\/frances\/recursos-frances\/","title":{"rendered":"Recursos franc\u00e9s"},"content":{"rendered":"<p>El profesor del departamento de franc\u00e9s, Juan A. Ortiz, ha preparado unos recursos que pueden ser \u00fatiles para los estudiantes de franc\u00e9s.<\/p>\n<h3><a href=\"http:\/\/eoiestepona.org\/html\/juan\/cours_debutant1\/index.html\" target=\"_blank\" rel=\"noopener\">&#8211; Cours de fran\u00e7ais d\u00e9butant 1<\/a><\/h3>\n<p>Si quieres comenzar a trabajar, aqu\u00ed tienes un curso de franc\u00e9s para principiantes con ejercicios para ir adquiriendo los contenidos del primer curso de franc\u00e9s.<\/p>\n<h3><a href=\"http:\/\/eoiestepona.org\/html\/juan\/fiches_grammaire\/index.html\" target=\"_blank\" rel=\"noopener\">&#8211; Mes fiches de grammaire<\/a><\/h3>\n<p>En este p\u00e1gina podr\u00e1s encontrar una serie de fichas de gram\u00e1tica imprimibles para repasar.<\/p>\n<h3>&#8211; <a href=\"http:\/\/eoiestepona.org\/html\/juan\/activites_web\/index_activitesgram.html\" target=\"_blank\" rel=\"noopener\">Activit\u00e9s de grammaire<\/a><\/h3>\n<p>Recopilaci\u00f3n de ejercicios de gram\u00e1tica (verbos, art\u00edculos, pronombres, etc.)<\/p>\n<h3>&#8211; <a href=\"http:\/\/eoiestepona.org\/html\/juan\/activites_web\/index_vocabulaire.html\" target=\"_blank\" rel=\"noopener\">Activit\u00e9s de vocabulaire<\/a><\/h3>\n<p>Recopilaci\u00f3n de ejercicios de l\u00e9xico tem\u00e1tico.<\/p>\n","protected":false},"excerpt":{"rendered":"<p>El profesor del departamento de franc\u00e9s, Juan A. Ortiz, ha preparado unos recursos que pueden ser \u00fatiles para los estudiantes de franc\u00e9s. &#8211; Cours de fran\u00e7ais d\u00e9butant 1 Si quieres &#8230;<\/p>\n","protected":false},"author":2,"featured_media":0,"parent":1315,"menu_order":0,"comment_status":"closed","ping_status":"closed","template":"","meta":{"footnotes":""},"class_list":["post-1365","page","type-page","status-publish","hentry"],"_links":{"self":[{"href":"https:\/\/www.eoiestepona.org\/web\/wp-json\/wp\/v2\/pages\/1365","targetHints":{"allow":["GET"]}}],"collection":[{"href":"https:\/\/www.eoiestepona.org\/web\/wp-json\/wp\/v2\/pages"}],"about":[{"href":"https:\/\/www.eoiestepona.org\/web\/wp-json\/wp\/v2\/types\/page"}],"author":[{"embeddable":true,"href":"https:\/\/www.eoiestepona.org\/web\/wp-json\/wp\/v2\/users\/2"}],"replies":[{"embeddable":true,"href":"https:\/\/www.eoiestepona.org\/web\/wp-json\/wp\/v2\/comments?post=1365"}],"version-history":[{"count":6,"href":"https:\/\/www.eoiestepona.org\/web\/wp-json\/wp\/v2\/pages\/1365\/revisions"}],"predecessor-version":[{"id":1734,"href":"https:\/\/www.eoiestepona.org\/web\/wp-json\/wp\/v2\/pages\/1365\/revisions\/1734"}],"up":[{"embeddable":true,"href":"https:\/\/www.eoiestepona.org\/web\/wp-json\/wp\/v2\/pages\/1315"}],"wp:attachment":[{"href":"https:\/\/www.eoiestepona.org\/web\/wp-json\/wp\/v2\/media?parent=1365"}],"curies":[{"name":"wp","href":"https:\/\/api.w.org\/{rel}","templated":true}]}}