{"id":1395,"date":"2017-08-08T13:35:25","date_gmt":"2017-08-08T11:35:25","guid":{"rendered":"http:\/\/www.eoiestepona.org\/web\/?page_id=1395"},"modified":"2025-09-09T12:07:57","modified_gmt":"2025-09-09T10:07:57","slug":"oferta-educativa","status":"publish","type":"page","link":"https:\/\/www.eoiestepona.org\/web\/oferta-educativa\/","title":{"rendered":"Oferta educativa"},"content":{"rendered":"<p>La Escuela Oficial de Idiomas de Estepona ofrece actualmente cursos de ingl\u00e9s y franc\u00e9s en horario de tarde.<\/p>\n<p>En <strong>ingl\u00e9s<\/strong> se ofrecen cursos de nivel b\u00e1sico, intermedio b1, intermedio b2\u00a0 en modalidad presencial y semipresencial y adem\u00e1s el nivel avanzado C1 en ingl\u00e9s presencial.<\/p>\n<p>En <strong>franc\u00e9s<\/strong> se ofertan cursos de nivel b\u00e1sico, intermedio b1, intermedio b2 y avanzado C1 en modalidad presencial.<\/p>\n<p><strong>Estructura de nuestras ense\u00f1anzas<\/strong><\/p>\n<p><img loading=\"lazy\" decoding=\"async\" class=\"wp-image-1964 aligncenter\" src=\"http:\/\/www.eoiestepona.org\/web\/wp-content\/uploads\/2019\/06\/estructura-300x254.jpg\" alt=\"\" width=\"442\" height=\"374\" srcset=\"https:\/\/www.eoiestepona.org\/web\/wp-content\/uploads\/2019\/06\/estructura-300x254.jpg 300w, https:\/\/www.eoiestepona.org\/web\/wp-content\/uploads\/2019\/06\/estructura-768x651.jpg 768w, https:\/\/www.eoiestepona.org\/web\/wp-content\/uploads\/2019\/06\/estructura.jpg 789w\" sizes=\"auto, (max-width: 442px) 100vw, 442px\" \/><\/p>\n\n\n<p>Adem\u00e1s de los cursos presenciales y semipresenciales, cada a\u00f1o escolar se proponen cursos cuatrimestrales para la actualizaci\u00f3n, perfeccionamiento y especializaci\u00f3n de competencias. Para el curso 2024\/2025 la EOI Estepona oferta:<\/p>\n\n\n\n<ul class=\"wp-block-list\">\n<li>Activa tu ingl\u00e9s B1 (cuatrimestral)<\/li>\n\n\n\n<li>Activa tu ingl\u00e9s B2 (cuatrimestral)<\/li>\n\n\n\n<li>Activa tu ingl\u00e9s C1 (cuatrimestral)<\/li>\n\n\n\n<li>Ingl\u00e9s para principiantes absolutos (anual)<\/li>\n<\/ul>\n","protected":false},"excerpt":{"rendered":"<p>La Escuela Oficial de Idiomas de Estepona ofrece actualmente cursos de ingl\u00e9s y franc\u00e9s en horario de tarde. En ingl\u00e9s se ofrecen cursos de nivel b\u00e1sico, intermedio b1, intermedio b2\u00a0 &#8230;<\/p>\n","protected":false},"author":2,"featured_media":0,"parent":0,"menu_order":0,"comment_status":"closed","ping_status":"closed","template":"","meta":{"footnotes":""},"class_list":["post-1395","page","type-page","status-publish","hentry"],"_links":{"self":[{"href":"https:\/\/www.eoiestepona.org\/web\/wp-json\/wp\/v2\/pages\/1395","targetHints":{"allow":["GET"]}}],"collection":[{"href":"https:\/\/www.eoiestepona.org\/web\/wp-json\/wp\/v2\/pages"}],"about":[{"href":"https:\/\/www.eoiestepona.org\/web\/wp-json\/wp\/v2\/types\/page"}],"author":[{"embeddable":true,"href":"https:\/\/www.eoiestepona.org\/web\/wp-json\/wp\/v2\/users\/2"}],"replies":[{"embeddable":true,"href":"https:\/\/www.eoiestepona.org\/web\/wp-json\/wp\/v2\/comments?post=1395"}],"version-history":[{"count":15,"href":"https:\/\/www.eoiestepona.org\/web\/wp-json\/wp\/v2\/pages\/1395\/revisions"}],"predecessor-version":[{"id":6378,"href":"https:\/\/www.eoiestepona.org\/web\/wp-json\/wp\/v2\/pages\/1395\/revisions\/6378"}],"wp:attachment":[{"href":"https:\/\/www.eoiestepona.org\/web\/wp-json\/wp\/v2\/media?parent=1395"}],"curies":[{"name":"wp","href":"https:\/\/api.w.org\/{rel}","templated":true}]}}