{"id":1396,"date":"2017-08-08T13:35:25","date_gmt":"2017-08-08T11:35:25","guid":{"rendered":"http:\/\/www.eoiestepona.org\/web\/?page_id=1396"},"modified":"2022-09-15T08:26:32","modified_gmt":"2022-09-15T06:26:32","slug":"solicitud-de-titulos","status":"publish","type":"page","link":"https:\/\/www.eoiestepona.org\/web\/solicitud-de-titulos\/","title":{"rendered":"Solicitud de t\u00edtulos y certificados"},"content":{"rendered":"<h3><strong>SOLICITUD DE T\u00cdTULO OFICIAL DE IDIOMAS<\/strong><\/h3>\n<p>Documentos necesarios:<\/p>\n<ul>\n<li>DNI por las dos caras y que se vean claramente los datos.<\/li>\n<li><big><span style=\"font-family: Helvetica,Arial,sans-serif;\">El <a href=\"http:\/\/www.eoiestepona.org\/doc_web\/solicitud_titulo.pdf\">Impreso de solicitud<\/a>.<\/span><\/big><\/li>\n<li><big>El <a href=\"http:\/\/www.eoiestepona.org\/web\/modelo-046-pago-de-tasas\/\">pago de tasas de expedici\u00f3n<\/a><\/big><\/li>\n<\/ul>\n<p>Los t\u00edtulos no los emite el centro, tan s\u00f3lo los tramita. El proceso suele durar dos\/tres a\u00f1os.<\/p>\n<p>Nos puede enviar toda la documentaci\u00f3n por correo electr\u00f3nico: <strong>secretaria.eoiestepona@gmail.com.<\/strong><\/p>\n<p><big><span style=\"font-family: Helvetica,Arial,sans-serif;\"><b>SOLICITUD DE CERTIFICADOS<\/b><\/span><\/big><\/p>\n<p>Los alumnos del centro que quieran solicitar un certificado de su expediente, pueden hacerlo a trav\u00e9s de un correo electr\u00f3nico a <strong>secretaria<\/strong>.<strong>eoiestepona@gmail.com<\/strong>\u00a0indicando su DNI\/pasaporte\/NIE.<\/p>\n<p>En un par de d\u00edas recibir\u00e1 por correo electr\u00f3nico su certificado firmado digitalmente. No tiene coste.<\/p>\n","protected":false},"excerpt":{"rendered":"<p>SOLICITUD DE T\u00cdTULO OFICIAL DE IDIOMAS Documentos necesarios: DNI por las dos caras y que se vean claramente los datos. El Impreso de solicitud. El pago de tasas de expedici\u00f3n &#8230;<\/p>\n","protected":false},"author":2,"featured_media":0,"parent":0,"menu_order":0,"comment_status":"closed","ping_status":"closed","template":"","meta":{"footnotes":""},"class_list":["post-1396","page","type-page","status-publish","hentry"],"_links":{"self":[{"href":"https:\/\/www.eoiestepona.org\/web\/wp-json\/wp\/v2\/pages\/1396","targetHints":{"allow":["GET"]}}],"collection":[{"href":"https:\/\/www.eoiestepona.org\/web\/wp-json\/wp\/v2\/pages"}],"about":[{"href":"https:\/\/www.eoiestepona.org\/web\/wp-json\/wp\/v2\/types\/page"}],"author":[{"embeddable":true,"href":"https:\/\/www.eoiestepona.org\/web\/wp-json\/wp\/v2\/users\/2"}],"replies":[{"embeddable":true,"href":"https:\/\/www.eoiestepona.org\/web\/wp-json\/wp\/v2\/comments?post=1396"}],"version-history":[{"count":8,"href":"https:\/\/www.eoiestepona.org\/web\/wp-json\/wp\/v2\/pages\/1396\/revisions"}],"predecessor-version":[{"id":4349,"href":"https:\/\/www.eoiestepona.org\/web\/wp-json\/wp\/v2\/pages\/1396\/revisions\/4349"}],"wp:attachment":[{"href":"https:\/\/www.eoiestepona.org\/web\/wp-json\/wp\/v2\/media?parent=1396"}],"curies":[{"name":"wp","href":"https:\/\/api.w.org\/{rel}","templated":true}]}}