{"id":1397,"date":"2017-08-08T13:35:25","date_gmt":"2017-08-08T11:35:25","guid":{"rendered":"http:\/\/www.eoiestepona.org\/web\/?page_id=1397"},"modified":"2019-02-19T16:48:44","modified_gmt":"2019-02-19T15:48:44","slug":"preguntas-frecuentes","status":"publish","type":"page","link":"https:\/\/www.eoiestepona.org\/web\/preguntas-frecuentes\/","title":{"rendered":"Preguntas frecuentes"},"content":{"rendered":"<p><b><span style=\"font-family: Helvetica,Arial,sans-serif;\">Ofrecemos en esta secci\u00f3n las preguntas m\u00e1s frecuentes que nos formulan los estudiantes acerca del <\/span><span style=\"font-family: Helvetica,Arial,sans-serif;\">funcionamiento de las Escuelas Oficiales de Idiomas. Si no encuentras respuesta a tus preguntas aqu\u00ed, <\/span><span style=\"font-family: Helvetica,Arial,sans-serif;\">puedes ponerte en contacto con nosotros.<\/span><br \/>\n<span style=\"font-family: Helvetica,Arial,sans-serif;\"><br \/>\n<span style=\"color: #000099;\">P. \u00bfCon qu\u00e9 edad puedo entrar en las EE.OO.II.?<\/span><\/span><br \/>\n<span style=\"font-family: Helvetica,Arial,sans-serif;\"><br \/>\nPara matricularse en las EE.OO.II. deber\u00e1s tener como m\u00ednimo 16 a\u00f1os cumplidos al finalizar el <\/span><span style=\"font-family: Helvetica,Arial,sans-serif;\">a\u00f1o en que te matriculas.<\/span><br \/>\nS<span style=\"font-family: Helvetica,Arial,sans-serif;\">i tienes catorce a\u00f1os cumplidos al finalizar el a\u00f1o en que te matriculas, podr\u00e1s matricularte en <\/span><span style=\"font-family: Helvetica,Arial,sans-serif;\">un idioma distinto al que est\u00e9s cursando como primer idioma en la ESO.<\/span><\/b><\/p>\n<p><strong><span style=\"color: #000099; font-family: Helvetica,Arial,sans-serif;\">P. \u00bfCu\u00e1ndo puedo hacer la matr\u00edcula en la E.O.I. de Estepona?<\/span><\/strong><br \/>\n<strong> <span style=\"font-family: Helvetica,Arial,sans-serif;\"><br \/>\n<\/span><span style=\"font-family: Helvetica,Arial,sans-serif;\">Los alumnos admitidos formalizar\u00e1n la <\/span><span style=\"font-family: Helvetica,Arial,sans-serif;\">matr\u00edcula durante los diez primeros d\u00edas del mes de julio.<\/span><\/strong><br \/>\n<strong> <span style=\"font-family: Helvetica,Arial,sans-serif;\"><br \/>\n<span style=\"color: #000099;\">P. \u00bfLos alumnos oficiales tienen que asistir a clase con regularidad? \u00bfQu\u00e9 ocurre si no lo hacen?<\/span><\/span><\/strong><br \/>\n<strong> <span style=\"font-family: Helvetica,Arial,sans-serif;\"><br \/>\nEl principal deber de todo alumno oficial es asistir a clase con regularidad. Si un alumno no <\/span><span style=\"font-family: Helvetica,Arial,sans-serif;\">pudiera asistir a clase con regularidad por causa justificada, deber\u00e1 ponerlo en conocimiento de su <\/span><span style=\"font-family: Helvetica,Arial,sans-serif;\">profesor y ser\u00e1 responsabilidad suya no perder el contacto con la marcha de la asignatura. Podr\u00e1 no <\/span><span style=\"font-family: Helvetica,Arial,sans-serif;\">obstante presentarse a los ex\u00e1menes que el departamento programe para ese curso. En ning\u00fan caso ello <\/span><span style=\"font-family: Helvetica,Arial,sans-serif;\">supondr\u00e1 un trato especial por parte del profesor.<\/span><\/strong><\/p>\n<p><strong><span style=\"color: #000099; font-family: Helvetica,Arial,sans-serif;\">P. \u00bfDe cu\u00e1ntas convocatorias dispongo para superar un curso?<\/span><\/strong><br \/>\n<strong> <span style=\"font-family: Helvetica,Arial,sans-serif;\"><br \/>\nEl l\u00edmite de permanencia del alumnado matriculado en la modalidad presencial del nivel b\u00e1sico <\/span><span style=\"font-family: Helvetica,Arial,sans-serif;\">de las ense\u00f1anzas de idiomas de r\u00e9gimen especial ser\u00e1 de cuatro cursos acad\u00e9micos. <\/span>El referido l\u00edmite de permanencia del alumnado ser\u00e1 de dos cursos acad\u00e9micos en el nivel intermedio b1 y cuatro cursos para el nivel intermedio b2. En el caso del nivel C1 se dispone de cuatro cursos acad\u00e9micos. (Real Decreto 1041\/2017, de 22 de diciembre)<br \/>\n<span style=\"font-family: Helvetica,Arial,sans-serif;\">No hay l\u00edmite de convocatorias para los alumnos libres.<\/span><br \/>\n<span style=\"font-family: Helvetica,Arial,sans-serif;\"><br \/>\n<span style=\"color: #000099;\">P. \u00bfPuedo anular mi matr\u00edcula en alg\u00fan momento del curso?<\/span><\/span><br \/>\n<span style=\"font-family: Helvetica,Arial,sans-serif;\"><br \/>\nEl alumno oficial puede solicitar la anulaci\u00f3n de su matr\u00edcula -si existe una raz\u00f3n de peso <\/span><span style=\"font-family: Helvetica,Arial,sans-serif;\">sobrevenida despu\u00e9s de haberse matriculado- en cualquier momento que lo desee antes de que finalice el <\/span><span style=\"font-family: Helvetica,Arial,sans-serif;\">segundo trimestre. Deber\u00e1 solicitarlo a la direcci\u00f3n del centro<\/span><span style=\"font-family: Helvetica,Arial,sans-serif;\">, adjuntando la documentaci\u00f3n que crea necesaria\u00a0que justifique la petici\u00f3n antes del 30 de abril.\u00a0<\/span><br \/>\n<\/strong><\/p>\n<blockquote><p><strong><span style=\"font-family: Helvetica,Arial,sans-serif;\">\u2022 Las convocatorias de ese a\u00f1o escolar no le ser\u00e1n tenidas en cuenta al alumno.<\/span><br \/>\n<span style=\"font-family: Helvetica,Arial,sans-serif;\">\u2022 La anulaci\u00f3n de la matr\u00edcula no supone en ning\u00fan caso la devoluci\u00f3n de las tasas abonadas.<br \/>\n<\/span><\/strong><\/p><\/blockquote>\n<p><strong><span style=\"font-family: Helvetica,Arial,sans-serif;\"><span style=\"color: #000099;\">P. \u00bfSe puede estar matriculado por ense\u00f1anza oficial y libre al mismo tiempo?<\/span><\/span><\/strong><\/p>\n<p><strong>El alumnado matriculado en la EOI de ESTEPONA en cualquiera de las ense\u00f1anzas oficiales (general o C.A.L.) que, si tiene la intenci\u00f3n de matricularse en el r\u00e9gimen libre en otro idioma, ya sea en \u00e9sta o en otra EOI, deber\u00e1n solicitarlo por escrito, durante el mes de marzo, para obtener la autorizaci\u00f3n correspondiente.<\/strong><br \/>\n<strong> Sin esta autorizaci\u00f3n no ser\u00e1 posible efectuar la matr\u00edcula libre. Esta autorizaci\u00f3n ser\u00e1 requerida durante el per\u00edodo de matr\u00edcula libre (1 al 15 de abril).<\/strong><\/p>\n<p><strong><span style=\"color: #000099;\">P. \u00bfPuedo cambiarme de grupo una vez comenzado el curso si me han surgido problemas para asistir a clase en el grupo solicitado?<\/span><\/strong><\/p>\n<p><strong>Al hacer la matr\u00edcula cada alumno solicita el grupo y con ello tambi\u00e9n el horario que desea tener. Si sus circunstancias han cambiado al comienzo del curso, deber\u00e1 solicitar en Secretar\u00eda su paso a otro grupo dentro del plazo que la Jefatura de Estudios determine a tal fin. La Jefatura de Estudios har\u00e1 todo lo posible por atender esta petici\u00f3n, pero esto no siempre es posible, depender\u00e1 del n\u00famero de alumnos que haya en los dem\u00e1s grupos.<\/strong><\/p>\n<p><strong><span style=\"color: #000099;\">P. \u00bfQu\u00e9 puedo hacer si tengo dudas sobre la marcha de mi asignatura?<\/span><\/strong><\/p>\n<p><strong>Cada profesor tiene una hora de tutor\u00eda semanal para atender a sus alumnos. Ponte en contacto con tu profesor y concierta una cita con \u00e9l.<\/strong><\/p>\n<p><strong><span style=\"color: #000099;\">P. Estuve matriculado hace a\u00f1os en otra Escuela y ahora quiero continuar mis estudios aqu\u00ed en Estepona, \u00bfqu\u00e9 debo hacer?<\/span><\/strong><\/p>\n<p><strong>Consulta primero en esta Escuela si hay plazas para cursar los estudios que t\u00fa quieres. Luego solicita a tu antigua Escuela que traslade tu expediente a la E.O.I. Estepona. Es un tr\u00e1mite f\u00e1cil y gratuito.<\/strong><\/p>\n<p><strong><span style=\"color: #000099;\">P. \u00bfPuedo estudiar m\u00e1s de un idioma simult\u00e1neamente?<\/span><\/strong><\/p>\n<p><strong>La Ley establece lo siguiente: Las solicitudes de nuevo ingreso son s\u00f3lo para un idioma y en una \u00fanica Escuela. El alumnado de la Escuela matriculado en un Idioma en r\u00e9gimen de ense\u00f1anza oficial, que desee comenzar sus estudios en otro idioma, podr\u00e1 realizar su matr\u00edcula oficial cuando, una vez atendidas todas las solicitudes en el proceso de admisi\u00f3n, existan vacantes en alg\u00fan grupo. La Jefatura de Estudios intentar\u00e1 por todos los medios que tus horarios sean compatibles.<\/strong><\/p>\n<p><strong><span style=\"color: #000099;\">P. \u00bfQu\u00e9 ocurre si no puedo realizar los ex\u00e1menes finales en las fechas programadas?<\/span><\/strong><\/p>\n<p><strong>Las fechas de los ex\u00e1menes finales son inamovibles. No se pueden programar ex\u00e1menes especiales fuera de las fechas programadas. Si no puedes asistir perder\u00edas esa convocatoria.<\/strong><\/p>\n","protected":false},"excerpt":{"rendered":"<p>Ofrecemos en esta secci\u00f3n las preguntas m\u00e1s frecuentes que nos formulan los estudiantes acerca del funcionamiento de las Escuelas Oficiales de Idiomas. Si no encuentras respuesta a tus preguntas aqu\u00ed, &#8230;<\/p>\n","protected":false},"author":2,"featured_media":0,"parent":0,"menu_order":0,"comment_status":"closed","ping_status":"closed","template":"","meta":{"footnotes":""},"class_list":["post-1397","page","type-page","status-publish","hentry"],"_links":{"self":[{"href":"https:\/\/www.eoiestepona.org\/web\/wp-json\/wp\/v2\/pages\/1397","targetHints":{"allow":["GET"]}}],"collection":[{"href":"https:\/\/www.eoiestepona.org\/web\/wp-json\/wp\/v2\/pages"}],"about":[{"href":"https:\/\/www.eoiestepona.org\/web\/wp-json\/wp\/v2\/types\/page"}],"author":[{"embeddable":true,"href":"https:\/\/www.eoiestepona.org\/web\/wp-json\/wp\/v2\/users\/2"}],"replies":[{"embeddable":true,"href":"https:\/\/www.eoiestepona.org\/web\/wp-json\/wp\/v2\/comments?post=1397"}],"version-history":[{"count":5,"href":"https:\/\/www.eoiestepona.org\/web\/wp-json\/wp\/v2\/pages\/1397\/revisions"}],"predecessor-version":[{"id":1915,"href":"https:\/\/www.eoiestepona.org\/web\/wp-json\/wp\/v2\/pages\/1397\/revisions\/1915"}],"wp:attachment":[{"href":"https:\/\/www.eoiestepona.org\/web\/wp-json\/wp\/v2\/media?parent=1397"}],"curies":[{"name":"wp","href":"https:\/\/api.w.org\/{rel}","templated":true}]}}