{"id":1399,"date":"2017-08-08T13:35:25","date_gmt":"2017-08-08T11:35:25","guid":{"rendered":"http:\/\/www.eoiestepona.org\/web\/?page_id=1399"},"modified":"2017-08-10T13:23:33","modified_gmt":"2017-08-10T11:23:33","slug":"secretaria-virtual","status":"publish","type":"page","link":"https:\/\/www.eoiestepona.org\/web\/secretaria-virtual\/","title":{"rendered":"Secretar\u00eda Virtual"},"content":{"rendered":"<p>La Consejer\u00eda de Educaci\u00f3n de la Junta de Andaluc\u00eda dispone de una Secretar\u00eda Virtual para realizar los tr\u00e1mites m\u00e1s habituales.<\/p>\n<p><a href=\"https:\/\/www.juntadeandalucia.es\/educacion\/secretariavirtual\/\" target=\"_blank\" rel=\"noopener\"><img loading=\"lazy\" decoding=\"async\" class=\"aligncenter wp-image-1432 size-full\" src=\"http:\/\/www.eoiestepona.org\/web\/wp-content\/uploads\/2017\/08\/logo_secretaria_virtual.png\" alt=\"\" width=\"625\" height=\"142\" srcset=\"https:\/\/www.eoiestepona.org\/web\/wp-content\/uploads\/2017\/08\/logo_secretaria_virtual.png 625w, https:\/\/www.eoiestepona.org\/web\/wp-content\/uploads\/2017\/08\/logo_secretaria_virtual-300x68.png 300w\" sizes=\"auto, (max-width: 625px) 100vw, 625px\" \/><\/a><\/p>\n","protected":false},"excerpt":{"rendered":"<p>La Consejer\u00eda de Educaci\u00f3n de la Junta de Andaluc\u00eda dispone de una Secretar\u00eda Virtual para realizar los tr\u00e1mites m\u00e1s habituales.<\/p>\n","protected":false},"author":2,"featured_media":0,"parent":0,"menu_order":0,"comment_status":"closed","ping_status":"closed","template":"","meta":{"footnotes":""},"class_list":["post-1399","page","type-page","status-publish","hentry"],"_links":{"self":[{"href":"https:\/\/www.eoiestepona.org\/web\/wp-json\/wp\/v2\/pages\/1399","targetHints":{"allow":["GET"]}}],"collection":[{"href":"https:\/\/www.eoiestepona.org\/web\/wp-json\/wp\/v2\/pages"}],"about":[{"href":"https:\/\/www.eoiestepona.org\/web\/wp-json\/wp\/v2\/types\/page"}],"author":[{"embeddable":true,"href":"https:\/\/www.eoiestepona.org\/web\/wp-json\/wp\/v2\/users\/2"}],"replies":[{"embeddable":true,"href":"https:\/\/www.eoiestepona.org\/web\/wp-json\/wp\/v2\/comments?post=1399"}],"version-history":[{"count":4,"href":"https:\/\/www.eoiestepona.org\/web\/wp-json\/wp\/v2\/pages\/1399\/revisions"}],"predecessor-version":[{"id":1582,"href":"https:\/\/www.eoiestepona.org\/web\/wp-json\/wp\/v2\/pages\/1399\/revisions\/1582"}],"wp:attachment":[{"href":"https:\/\/www.eoiestepona.org\/web\/wp-json\/wp\/v2\/media?parent=1399"}],"curies":[{"name":"wp","href":"https:\/\/api.w.org\/{rel}","templated":true}]}}