{"id":1437,"date":"2017-08-08T16:17:35","date_gmt":"2017-08-08T14:17:35","guid":{"rendered":"http:\/\/www.eoiestepona.org\/web\/?page_id=1437"},"modified":"2021-06-10T12:36:58","modified_gmt":"2021-06-10T10:36:58","slug":"secretaria","status":"publish","type":"page","link":"https:\/\/www.eoiestepona.org\/web\/secretaria\/","title":{"rendered":"Secretar\u00eda"},"content":{"rendered":"<p>Aqu\u00ed dispone de los tr\u00e1mites m\u00e1s habituales que se realizan en la Secretar\u00eda del centro:\u00a0<img loading=\"lazy\" decoding=\"async\" class=\"alignright size-medium wp-image-19\" src=\"http:\/\/www.eoiestepona.org\/web\/wp-content\/uploads\/2016\/02\/about2-300x164.jpg\" alt=\"\" width=\"300\" height=\"164\" srcset=\"https:\/\/www.eoiestepona.org\/web\/wp-content\/uploads\/2016\/02\/about2-300x164.jpg 300w, https:\/\/www.eoiestepona.org\/web\/wp-content\/uploads\/2016\/02\/about2.jpg 640w\" sizes=\"auto, (max-width: 300px) 100vw, 300px\" \/><\/p>\n<ul>\n<li><a href=\"http:\/\/www.eoiestepona.org\/web\/solicitar_plaza\/\">Solicitar plaza<\/a><\/li>\n<li><a href=\"http:\/\/www.eoiestepona.org\/web\/simultaneidad-de-matricula\/\">Simultaneidad de matr\u00edcula<\/a><\/li>\n<li>Matriculaci\u00f3n<\/li>\n<li><a href=\"http:\/\/www.eoiestepona.org\/web\/solicitud-de-titulos\/\">Solicitar t\u00edtulos y certifi<\/a><a href=\"http:\/\/www.eoiestepona.org\/web\/solicitud-de-titulos\/\">cados<\/a><\/li>\n<li><a href=\"http:\/\/www.eoiestepona.org\/web\/tasas\/\">Tasas<\/a><\/li>\n<li><a href=\"http:\/\/www.eoiestepona.org\/web\/modelo-046-pago-de-tasas\/\">Modelo 046 &#8211; Pago de tasas<\/a><\/li>\n<li><a href=\"http:\/\/www.eoiestepona.org\/web\/anulacion-de-matricula\/\">Anulaci\u00f3n de matr\u00edcula<\/a><\/li>\n<li><a href=\"http:\/\/www.eoiestepona.org\/web\/documentos-y-otros-tramites\/\">Documentos e impresos<\/a><\/li>\n<li><a href=\"http:\/\/www.eoiestepona.org\/web\/documentos-del-centro\/\">Documentos del centro<\/a><\/li>\n<\/ul>\n<p>Para cualquier duda o consulta, no dude en contactar con nosotros a trav\u00e9s del correo electr\u00f3nico: info@eoiestepona.org<\/p>\n","protected":false},"excerpt":{"rendered":"<p>Aqu\u00ed dispone de los tr\u00e1mites m\u00e1s habituales que se realizan en la Secretar\u00eda del centro:\u00a0 Solicitar plaza Simultaneidad de matr\u00edcula Matriculaci\u00f3n Solicitar t\u00edtulos y certificados Tasas Modelo 046 &#8211; Pago &#8230;<\/p>\n","protected":false},"author":2,"featured_media":0,"parent":0,"menu_order":0,"comment_status":"closed","ping_status":"closed","template":"template-fullwidth.php","meta":{"footnotes":""},"class_list":["post-1437","page","type-page","status-publish","hentry"],"_links":{"self":[{"href":"https:\/\/www.eoiestepona.org\/web\/wp-json\/wp\/v2\/pages\/1437","targetHints":{"allow":["GET"]}}],"collection":[{"href":"https:\/\/www.eoiestepona.org\/web\/wp-json\/wp\/v2\/pages"}],"about":[{"href":"https:\/\/www.eoiestepona.org\/web\/wp-json\/wp\/v2\/types\/page"}],"author":[{"embeddable":true,"href":"https:\/\/www.eoiestepona.org\/web\/wp-json\/wp\/v2\/users\/2"}],"replies":[{"embeddable":true,"href":"https:\/\/www.eoiestepona.org\/web\/wp-json\/wp\/v2\/comments?post=1437"}],"version-history":[{"count":17,"href":"https:\/\/www.eoiestepona.org\/web\/wp-json\/wp\/v2\/pages\/1437\/revisions"}],"predecessor-version":[{"id":3637,"href":"https:\/\/www.eoiestepona.org\/web\/wp-json\/wp\/v2\/pages\/1437\/revisions\/3637"}],"wp:attachment":[{"href":"https:\/\/www.eoiestepona.org\/web\/wp-json\/wp\/v2\/media?parent=1437"}],"curies":[{"name":"wp","href":"https:\/\/api.w.org\/{rel}","templated":true}]}}