{"id":1457,"date":"2017-08-08T16:42:55","date_gmt":"2017-08-08T14:42:55","guid":{"rendered":"http:\/\/www.eoiestepona.org\/web\/?page_id=1457"},"modified":"2025-11-03T17:23:59","modified_gmt":"2025-11-03T16:23:59","slug":"programacion-de-frances","status":"publish","type":"page","link":"https:\/\/www.eoiestepona.org\/web\/programacion-de-frances\/","title":{"rendered":"Programaci\u00f3n de franc\u00e9s"},"content":{"rendered":"<p><b><span style=\"font-family: Helvetica,Arial,sans-serif;\">La programaci\u00f3n est\u00e1 a disposici\u00f3n de aquel alumno que lo solicite en formato impreso en el departamento de franc\u00e9s. Igualmente aqui dispon\u00e9is de una versi\u00f3n electr\u00f3nica por si quer\u00e9is hacer cualquier consulta.<\/span><\/b><\/p>\n<ul>\n<li><a href=\"https:\/\/drive.google.com\/file\/d\/1-9V0jOiUwkRj6aqFWkBjdt9QU4H7Q8r7\/view?usp=sharing\" target=\"_blank\" rel=\"noopener noreferrer\"><b><span style=\"font-family: Helvetica,Arial,sans-serif;\">Programaci\u00f3n de franc\u00e9s<\/span><\/b><\/a><\/li>\n<li><strong><a href=\"http:\/\/www.eoiestepona.org\/web\/wp-content\/uploads\/2025\/11\/Anexos_Programacion-didactica-Frances-2025-2026.pdf\">Anexos<\/a><\/strong><\/li>\n<\/ul>\n\n\n<p><\/p>\n","protected":false},"excerpt":{"rendered":"<p>La programaci\u00f3n est\u00e1 a disposici\u00f3n de aquel alumno que lo solicite en formato impreso en el departamento de franc\u00e9s. Igualmente aqui dispon\u00e9is de una versi\u00f3n electr\u00f3nica por si quer\u00e9is hacer &#8230;<\/p>\n","protected":false},"author":2,"featured_media":0,"parent":0,"menu_order":0,"comment_status":"closed","ping_status":"closed","template":"","meta":{"footnotes":""},"class_list":["post-1457","page","type-page","status-publish","hentry"],"_links":{"self":[{"href":"https:\/\/www.eoiestepona.org\/web\/wp-json\/wp\/v2\/pages\/1457","targetHints":{"allow":["GET"]}}],"collection":[{"href":"https:\/\/www.eoiestepona.org\/web\/wp-json\/wp\/v2\/pages"}],"about":[{"href":"https:\/\/www.eoiestepona.org\/web\/wp-json\/wp\/v2\/types\/page"}],"author":[{"embeddable":true,"href":"https:\/\/www.eoiestepona.org\/web\/wp-json\/wp\/v2\/users\/2"}],"replies":[{"embeddable":true,"href":"https:\/\/www.eoiestepona.org\/web\/wp-json\/wp\/v2\/comments?post=1457"}],"version-history":[{"count":9,"href":"https:\/\/www.eoiestepona.org\/web\/wp-json\/wp\/v2\/pages\/1457\/revisions"}],"predecessor-version":[{"id":6488,"href":"https:\/\/www.eoiestepona.org\/web\/wp-json\/wp\/v2\/pages\/1457\/revisions\/6488"}],"wp:attachment":[{"href":"https:\/\/www.eoiestepona.org\/web\/wp-json\/wp\/v2\/media?parent=1457"}],"curies":[{"name":"wp","href":"https:\/\/api.w.org\/{rel}","templated":true}]}}