{"id":1516,"date":"2017-08-10T10:22:09","date_gmt":"2017-08-10T08:22:09","guid":{"rendered":"http:\/\/www.eoiestepona.org\/web\/?page_id=1516"},"modified":"2026-03-24T20:39:30","modified_gmt":"2026-03-24T19:39:30","slug":"tasas","status":"publish","type":"page","link":"https:\/\/www.eoiestepona.org\/web\/tasas\/","title":{"rendered":"Tasas"},"content":{"rendered":"\n<ul class=\"wp-block-list\">\n<li><span style=\"font-family: Helvetica, Arial, sans-serif;\"><b>Tasas&nbsp;<\/b><\/span><\/li>\n<\/ul>\n\n\n\n<p><span style=\"font-family: Helvetica, Arial, sans-serif;\"><br>El importe de tasas de matr\u00edcula oficial para el presente curso es:<\/span><\/p>\n\n\n\n<figure class=\"wp-block-table\"><table class=\"has-fixed-layout\"><tbody><tr><td>&nbsp;<\/td><td colspan=\"2\"><b><span style=\"font-family: Helvetica, Arial, sans-serif;\">Un &nbsp;idioma<\/span><\/b><\/td><td colspan=\"2\"><b><span style=\"font-family: Helvetica, Arial, sans-serif;\">Dos idiomas<\/span><\/b><\/td><\/tr><tr><td>&nbsp;<\/td><td><b><span style=\"font-family: Helvetica, Arial, sans-serif;\">Ordinaria<\/span><\/b><\/td><td><b><span style=\"font-family: Helvetica, Arial, sans-serif;\">Familia numerosa<\/span><\/b><\/td><td><b><span style=\"font-family: Helvetica, Arial, sans-serif;\">Ordinaria<\/span><\/b><\/td><td><b><span style=\"font-family: Helvetica, Arial, sans-serif;\">Familia numerosa<\/span><\/b><\/td><\/tr><tr><td><b><span style=\"font-family: Helvetica, Arial, sans-serif;\">Matriculado por 1\u00aa vez<\/span><\/b><\/td><td><span style=\"font-family: Helvetica, Arial, sans-serif;\"><strong>81,41<\/strong>&nbsp;\u20ac<\/span><\/td><td><span style=\"font-family: Helvetica, Arial, sans-serif;\"><strong>40,70<\/strong>&nbsp;\u20ac<\/span><\/td><td><span style=\"font-family: Helvetica, Arial, sans-serif;\"><strong>131,50<\/strong>&nbsp;\u20ac<\/span><\/td><td><span style=\"font-family: Helvetica, Arial, sans-serif;\"><b>65,75<\/b>&nbsp;\u20ac<\/span><\/td><\/tr><tr><td><b><span style=\"font-family: Helvetica, Arial, sans-serif;\">Antiguo alumno<\/span><\/b><\/td><td><span style=\"font-family: Helvetica, Arial, sans-serif;\"><strong>59,04<\/strong>&nbsp;\u20ac<\/span><\/td><td><span style=\"font-family: Helvetica, Arial, sans-serif;\"><strong>29,52<\/strong>&nbsp;\u20ac<\/span><\/td><td><span style=\"font-family: Helvetica, Arial, sans-serif;\"><strong>109,13<\/strong>&nbsp;\u20ac<\/span><\/td><td><span style=\"font-family: Helvetica, Arial, sans-serif;\"><b>54,56<\/b>&nbsp;\u20ac<\/span><\/td><\/tr><\/tbody><\/table><\/figure>\n\n\n\n<p>Cursos cuatrimestrales reducidos:<\/p>\n\n\n\n<figure class=\"wp-block-table\"><table class=\"has-fixed-layout\"><tbody><tr><td>&nbsp;<\/td><td colspan=\"2\"><b><span style=\"font-family: Helvetica, Arial, sans-serif;\">Un&nbsp; cuatrimestral<\/span><\/b><\/td><td colspan=\"2\"><b><span style=\"font-family: Helvetica, Arial, sans-serif;\">Dos cuatrimestrales<\/span><\/b><\/td><\/tr><tr><td>&nbsp;<\/td><td><b><span style=\"font-family: Helvetica, Arial, sans-serif;\">Ordinaria<\/span><\/b><\/td><td><b><span style=\"font-family: Helvetica, Arial, sans-serif;\">Familia numerosa<\/span><\/b><\/td><td><b><span style=\"font-family: Helvetica, Arial, sans-serif;\">Ordinaria<\/span><\/b><\/td><td><b><span style=\"font-family: Helvetica, Arial, sans-serif;\">Familia numerosa<\/span><\/b><\/td><\/tr><tr><td><b><span style=\"font-family: Helvetica, Arial, sans-serif;\">Matriculado por 1\u00aa vez<\/span><\/b><\/td><td><span style=\"font-family: Helvetica, Arial, sans-serif;\"><strong>43,84<\/strong>&nbsp;\u20ac<\/span><\/td><td><span style=\"font-family: Helvetica, Arial, sans-serif;\"><strong>21,92<\/strong> \u20ac<\/span><\/td><td><span style=\"font-family: Helvetica, Arial, sans-serif;\"><strong>56,36<\/strong>&nbsp;\u20ac<\/span><\/td><td><span style=\"font-family: Helvetica, Arial, sans-serif;\"><b>28,18<\/b>&nbsp;\u20ac<\/span><\/td><\/tr><tr><td><b><span style=\"font-family: Helvetica, Arial, sans-serif;\">Antiguo alumno<\/span><\/b><\/td><td><span style=\"font-family: Helvetica, Arial, sans-serif;\"><strong>21,47<\/strong>&nbsp;\u20ac<\/span><\/td><td><span style=\"font-family: Helvetica, Arial, sans-serif;\"><strong>10,73<\/strong>&nbsp;\u20ac<\/span><\/td><td><span style=\"font-family: Helvetica, Arial, sans-serif;\"><strong>33,99<\/strong>&nbsp;\u20ac<\/span><\/td><td><span style=\"font-family: Helvetica, Arial, sans-serif;\"><b>16,99<\/b>&nbsp;\u20ac<\/span><\/td><\/tr><tr><td><b><span style=\"font-family: Helvetica, Arial, sans-serif;\">Alumno oficial durante este curso<\/span><\/b><\/td><td><span style=\"font-family: Helvetica, Arial, sans-serif;\"><strong>12,52<\/strong>&nbsp;\u20ac<\/span><\/td><td><span style=\"font-family: Helvetica, Arial, sans-serif;\"><strong>6,26<\/strong>&nbsp;\u20ac<\/span><\/td><td><span style=\"font-family: Helvetica, Arial, sans-serif;\"><strong>25,04<\/strong>&nbsp;\u20ac<\/span><\/td><td><span style=\"font-family: Helvetica, Arial, sans-serif;\"><b>12,52<\/b>&nbsp;\u20ac<\/span><\/td><\/tr><\/tbody><\/table><\/figure>\n\n\n\n<p>Est\u00e1n&nbsp;<strong>EXENTOS DE PAGO&nbsp;<\/strong>de estas tasas:<\/p>\n\n\n\n<ul class=\"wp-block-list\">\n<li>El alumnado miembro de familias numerosas de la categor\u00eda especial (categor\u00eda establecida en Ley 40\/2003, de 18 de noviembre, de Protecci\u00f3n a las Familias Numerosas, BOE del 19).&nbsp;<strong>Deber\u00e1n presentar fotocopia de dicho t\u00edtulo actualizado.<\/strong><\/li>\n\n\n\n<li>El alumnado que, como consecuencia de actos terroristas, haya sufrido da\u00f1os personales que sean de especial transcendencia, o que lo inhabiliten para el ejercicio de su profesi\u00f3n habitual, o cuyos familiares hasta segundo grado de consanguinidad, tutores o guardadores, hayan sufrido dichos da\u00f1os (Ley 29\/2011, de 22 de septiembre, de Reconocimiento y Protecci\u00f3n Integral a las V\u00edctimas del Terrorismo \u2013 BOE del 23).&nbsp;<strong>Deber\u00e1n acreditar dicha condici\u00f3n.&nbsp;<\/strong><\/li>\n\n\n\n<li>Las v\u00edctimas de violencia de g\u00e9nero, dom\u00e9stica o de ambas.&nbsp;<strong>Deber\u00e1n acreditar dicha situaci\u00f3n.<\/strong><\/li>\n\n\n\n<li>Las personas con discapacidad, en un grado igual o superior al 33 %.&nbsp;<strong>Deber\u00e1n acreditar dicha condici\u00f3n.&nbsp;<\/strong><\/li>\n\n\n\n<li>Las personas beneficiarias de la prestaci\u00f3n del ingreso m\u00ednimo vital. <strong>Deber\u00e1n acreditar dicha condici\u00f3n<\/strong><\/li>\n<\/ul>\n\n\n\n<p>Asimismo, en virtud de lo establecido en el art\u00edculo 12.2, el alumnado que realice el pago de su importe por medios electr\u00f3nicos tendr\u00e1n derecho a una&nbsp;<strong>bonificaci\u00f3n<\/strong>&nbsp;del 10 % sobre la cuota a ingresar por cada autoliquidaci\u00f3n presentada, con un l\u00edmite m\u00ednimo de bonificaci\u00f3n de 3 euros y m\u00e1ximo de 70 euros, sin que pueda resultar una cuota tributaria negativa como consecuencia de dicha bonificaci\u00f3n.<\/p>\n\n\n\n<p><span style=\"font-family: Helvetica, Arial, sans-serif;\">El importe de tasas para la expedici\u00f3n de t\u00edtulos es:<\/span><\/p>\n\n\n\n<figure class=\"wp-block-table\"><table class=\"has-fixed-layout\"><tbody><tr><td><b><span style=\"font-family: Helvetica, Arial, sans-serif;\">Expedici\u00f3n<\/span><\/b><\/td><td><b><span style=\"font-family: Helvetica, Arial, sans-serif;\">Ordinaria<\/span><\/b><\/td><td><b><span style=\"font-family: Helvetica, Arial, sans-serif;\">Familia numerosa<\/span><\/b><\/td><\/tr><tr><td><b><span style=\"font-family: Helvetica, Arial, sans-serif;\">T\u00edtulo B\u00e1sico A2, Intermedio B1, Intermedio B2 y Avanzado C1<br><\/span><\/b><\/td><td class=\"has-text-align-center\" data-align=\"center\"><strong>28.01\u20ac<\/strong><\/td><td class=\"has-text-align-center\" data-align=\"center\"><strong>14.00 \u20ac<\/strong><\/td><\/tr><\/tbody><\/table><\/figure>\n\n\n\n<p><span style=\"font-family: Helvetica, Arial, sans-serif;\">&nbsp;<\/span><\/p>\n\n\n\n<p>Est\u00e1n&nbsp; <strong>exentos del pago&nbsp;&nbsp;<\/strong>de estas tasas:<\/p>\n\n\n\n<ul class=\"wp-block-list\">\n<li>El alumnado miembro de familias numerosas de la categor\u00eda especial (categor\u00eda establecida en Ley 40\/2003, de 18 de noviembre, de Protecci\u00f3n a las Familias Numerosas, BOE del 19).&nbsp;<strong>Deber\u00e1n presentar fotocopia de dicho t\u00edtulo actualizado.<\/strong><\/li>\n\n\n\n<li>El alumnado que, como consecuencia de actos terroristas, haya sufrido da\u00f1os personales que sean de especial transcendencia, o que lo inhabiliten para el ejercicio de su profesi\u00f3n habitual, o cuyos familiares hasta segundo grado de consanguinidad, tutores o guardadores, hayan sufrido dichos da\u00f1os (Ley 29\/2011, de 22 de septiembre, de Reconocimiento y Protecci\u00f3n Integral a las V\u00edctimas del Terrorismo \u2013 BOE del 23).&nbsp;<strong>Deber\u00e1n acreditar dicha condici\u00f3n.&nbsp;<\/strong><\/li>\n\n\n\n<li>Las v\u00edctimas de violencia de g\u00e9nero, dom\u00e9stica o de ambas.&nbsp;<strong>Deber\u00e1n acreditar dicha situaci\u00f3n.<\/strong><\/li>\n\n\n\n<li>Las personas con discapacidad, en un grado igual o superior al 33 %.&nbsp;<strong>Deber\u00e1n acreditar dicha condici\u00f3n.&nbsp;<\/strong><\/li>\n\n\n\n<li>Las personas beneficiarias de la prestaci\u00f3n del ingreso m\u00ednimo vital a quienes se reconozca dicha condici\u00f3n de conformidad con lo dispuesto en la Ley 19\/2021, de 20 de diciembre, por la que se establece el ingreso m\u00ednimo vital, o norma que la sustituya, las beneficiarias de la Renta M\u00ednima de Inserci\u00f3n Social en Andaluc\u00eda, a quienes se reconozca dicha condici\u00f3n de acuerdo con lo dispuesto en el Decreto-Ley 3\/2017, de 19 de diciembre, por el que se regula la Renta M\u00ednima de Inserci\u00f3n Social en Andaluc\u00eda, o norma que lo sustituya, o las beneficiarias de ambas prestaciones.&nbsp;<strong>Deber\u00e1n acreditar dicha condici\u00f3n. <\/strong><\/li>\n<\/ul>\n\n\n\n<p><span style=\"font-family: Helvetica, Arial, sans-serif;\">&nbsp;<\/span><\/p>\n","protected":false},"excerpt":{"rendered":"<p>El importe de tasas de matr\u00edcula oficial para el presente curso es: &nbsp; Un &nbsp;idioma Dos idiomas &nbsp; Ordinaria Familia numerosa Ordinaria Familia numerosa Matriculado por 1\u00aa vez 81,41&nbsp;\u20ac 40,70&nbsp;\u20ac &#8230;<\/p>\n","protected":false},"author":2,"featured_media":0,"parent":0,"menu_order":0,"comment_status":"closed","ping_status":"closed","template":"","meta":{"footnotes":""},"class_list":["post-1516","page","type-page","status-publish","hentry"],"_links":{"self":[{"href":"https:\/\/www.eoiestepona.org\/web\/wp-json\/wp\/v2\/pages\/1516","targetHints":{"allow":["GET"]}}],"collection":[{"href":"https:\/\/www.eoiestepona.org\/web\/wp-json\/wp\/v2\/pages"}],"about":[{"href":"https:\/\/www.eoiestepona.org\/web\/wp-json\/wp\/v2\/types\/page"}],"author":[{"embeddable":true,"href":"https:\/\/www.eoiestepona.org\/web\/wp-json\/wp\/v2\/users\/2"}],"replies":[{"embeddable":true,"href":"https:\/\/www.eoiestepona.org\/web\/wp-json\/wp\/v2\/comments?post=1516"}],"version-history":[{"count":18,"href":"https:\/\/www.eoiestepona.org\/web\/wp-json\/wp\/v2\/pages\/1516\/revisions"}],"predecessor-version":[{"id":6756,"href":"https:\/\/www.eoiestepona.org\/web\/wp-json\/wp\/v2\/pages\/1516\/revisions\/6756"}],"wp:attachment":[{"href":"https:\/\/www.eoiestepona.org\/web\/wp-json\/wp\/v2\/media?parent=1516"}],"curies":[{"name":"wp","href":"https:\/\/api.w.org\/{rel}","templated":true}]}}