{"id":1522,"date":"2017-08-10T10:25:56","date_gmt":"2017-08-10T08:25:56","guid":{"rendered":"http:\/\/www.eoiestepona.org\/web\/?page_id=1522"},"modified":"2024-10-15T09:39:57","modified_gmt":"2024-10-15T07:39:57","slug":"anulacion-de-matricula","status":"publish","type":"page","link":"https:\/\/www.eoiestepona.org\/web\/anulacion-de-matricula\/","title":{"rendered":"Anulaci\u00f3n de matr\u00edcula"},"content":{"rendered":"<ul>\n<li>La anulaci\u00f3n de matr\u00edcula es un procedimiento que permite al alumno dejar sin efecto la matr\u00edcula formalizada para alguna de las ense\u00f1anzas especializadas de idiomas, de esta manera no pierde convocatorias (ya que las convocatorias son limitadas). Con este procedimiento \u00abse borra\u00bb la matr\u00edcula de su expediente.<\/li>\n<li>El alumno que obtenga la anulaci\u00f3n y que posteriormente quiera proseguir sus estudios deber\u00e1 realizar nuevamente la preinscripci\u00f3n como alumnado nuevo.<\/li>\n<li>La solicitud se presentar\u00e1 antes de finalizar el mes de abril del correspondiente curso acad\u00e9mico. A tales efectos, ser\u00e1 presentada en la Escuela en la que el alumno o alumna est\u00e9 matriculado, adjunt\u00e1ndose la documentaci\u00f3n que justifique las circunstancias que imposibilitan su asistencia a clase. No se conceden anulaciones de matr\u00edcula si no est\u00e1n debidamente justificadas.<\/li>\n<li>Una vez resuelta la anulaci\u00f3n, el alumno recibir\u00e1 la respuesta por correo electr\u00f3nico, ya respuesta no es inmediata.<\/li>\n<\/ul>\n<ul>\n<li>La anulaci\u00f3n de la matr\u00edcula tendr\u00e1 efectos sobre los l\u00edmites de permanencia en los distintos cursos que constituyen estas ense\u00f1anzas.<\/li>\n<\/ul>\n<p>En ning\u00fan caso, la anulaci\u00f3n de la matr\u00edcula dar\u00e1 derecho a la devoluci\u00f3n de las tasas acad\u00e9micas.<\/p>\n<p>Nos puede remitir la solicitud de anulaci\u00f3n al correo de secretar\u00eda: secretaria.eoiestepona@gmail.com<\/p>\n<p>&#8211;\u00a0<a href=\"http:\/\/www.eoiestepona.org\/doc_web\/solicitud_anulacion.pdf\">Impreso anulaci\u00f3n de matr\u00edcula<\/a><\/p>\n\n\n<p>En caso de no anular la matr\u00edcula o no tener concedida la anulaci\u00f3n de matr\u00edcula por no ser causa justificada, la matr\u00edcula estar\u00e1 vigente por el resto del curso escolar, pudi\u00e9ndo asistir a clase y presentarse a la convocatoria final de junio\/septiembre. <\/p>\n","protected":false},"excerpt":{"rendered":"<p>La anulaci\u00f3n de matr\u00edcula es un procedimiento que permite al alumno dejar sin efecto la matr\u00edcula formalizada para alguna de las ense\u00f1anzas especializadas de idiomas, de esta manera no pierde &#8230;<\/p>\n","protected":false},"author":2,"featured_media":0,"parent":0,"menu_order":0,"comment_status":"closed","ping_status":"closed","template":"","meta":{"footnotes":""},"class_list":["post-1522","page","type-page","status-publish","hentry"],"_links":{"self":[{"href":"https:\/\/www.eoiestepona.org\/web\/wp-json\/wp\/v2\/pages\/1522","targetHints":{"allow":["GET"]}}],"collection":[{"href":"https:\/\/www.eoiestepona.org\/web\/wp-json\/wp\/v2\/pages"}],"about":[{"href":"https:\/\/www.eoiestepona.org\/web\/wp-json\/wp\/v2\/types\/page"}],"author":[{"embeddable":true,"href":"https:\/\/www.eoiestepona.org\/web\/wp-json\/wp\/v2\/users\/2"}],"replies":[{"embeddable":true,"href":"https:\/\/www.eoiestepona.org\/web\/wp-json\/wp\/v2\/comments?post=1522"}],"version-history":[{"count":7,"href":"https:\/\/www.eoiestepona.org\/web\/wp-json\/wp\/v2\/pages\/1522\/revisions"}],"predecessor-version":[{"id":5713,"href":"https:\/\/www.eoiestepona.org\/web\/wp-json\/wp\/v2\/pages\/1522\/revisions\/5713"}],"wp:attachment":[{"href":"https:\/\/www.eoiestepona.org\/web\/wp-json\/wp\/v2\/media?parent=1522"}],"curies":[{"name":"wp","href":"https:\/\/api.w.org\/{rel}","templated":true}]}}