{"id":1799,"date":"2018-06-22T09:39:01","date_gmt":"2018-06-22T07:39:01","guid":{"rendered":"http:\/\/www.eoiestepona.org\/web\/?page_id=1799"},"modified":"2025-06-30T20:11:56","modified_gmt":"2025-06-30T18:11:56","slug":"examenes-de-septiembre-ingles","status":"publish","type":"page","link":"https:\/\/www.eoiestepona.org\/web\/examenes-de-septiembre-ingles\/","title":{"rendered":"Ex\u00e1menes de ingl\u00e9s"},"content":{"rendered":"\n<p class=\"has-medium-font-size\"><strong>EX\u00c1MENES DE PROMOCI\u00d3N<\/strong> LUNES 8 DE SEPTIEMBRE DE 2025<\/p>\n\n\n\n<figure class=\"wp-block-image size-full\"><img loading=\"lazy\" decoding=\"async\" width=\"944\" height=\"471\" src=\"https:\/\/www.eoiestepona.org\/web\/wp-content\/uploads\/2025\/05\/examenesingles.jpg\" alt=\"\" class=\"wp-image-6268\" srcset=\"https:\/\/www.eoiestepona.org\/web\/wp-content\/uploads\/2025\/05\/examenesingles.jpg 944w, https:\/\/www.eoiestepona.org\/web\/wp-content\/uploads\/2025\/05\/examenesingles-300x150.jpg 300w, https:\/\/www.eoiestepona.org\/web\/wp-content\/uploads\/2025\/05\/examenesingles-768x383.jpg 768w\" sizes=\"auto, (max-width: 944px) 100vw, 944px\" \/><\/figure>\n\n\n\n<p>La parte oral se realizar\u00e1 tras la parte escrita. <\/p>\n","protected":false},"excerpt":{"rendered":"<p>EX\u00c1MENES DE PROMOCI\u00d3N LUNES 8 DE SEPTIEMBRE DE 2025 La parte oral se realizar\u00e1 tras la parte escrita.<\/p>\n","protected":false},"author":2,"featured_media":0,"parent":0,"menu_order":0,"comment_status":"closed","ping_status":"closed","template":"","meta":{"footnotes":""},"class_list":["post-1799","page","type-page","status-publish","hentry"],"_links":{"self":[{"href":"https:\/\/www.eoiestepona.org\/web\/wp-json\/wp\/v2\/pages\/1799","targetHints":{"allow":["GET"]}}],"collection":[{"href":"https:\/\/www.eoiestepona.org\/web\/wp-json\/wp\/v2\/pages"}],"about":[{"href":"https:\/\/www.eoiestepona.org\/web\/wp-json\/wp\/v2\/types\/page"}],"author":[{"embeddable":true,"href":"https:\/\/www.eoiestepona.org\/web\/wp-json\/wp\/v2\/users\/2"}],"replies":[{"embeddable":true,"href":"https:\/\/www.eoiestepona.org\/web\/wp-json\/wp\/v2\/comments?post=1799"}],"version-history":[{"count":40,"href":"https:\/\/www.eoiestepona.org\/web\/wp-json\/wp\/v2\/pages\/1799\/revisions"}],"predecessor-version":[{"id":6337,"href":"https:\/\/www.eoiestepona.org\/web\/wp-json\/wp\/v2\/pages\/1799\/revisions\/6337"}],"wp:attachment":[{"href":"https:\/\/www.eoiestepona.org\/web\/wp-json\/wp\/v2\/media?parent=1799"}],"curies":[{"name":"wp","href":"https:\/\/api.w.org\/{rel}","templated":true}]}}