{"id":1801,"date":"2018-06-22T09:41:10","date_gmt":"2018-06-22T07:41:10","guid":{"rendered":"http:\/\/www.eoiestepona.org\/web\/?page_id=1801"},"modified":"2025-06-30T20:12:58","modified_gmt":"2025-06-30T18:12:58","slug":"examenes-de-septiembre-frances","status":"publish","type":"page","link":"https:\/\/www.eoiestepona.org\/web\/examenes-de-septiembre-frances\/","title":{"rendered":"Ex\u00e1menes de franc\u00e9s"},"content":{"rendered":"\n<p class=\"has-medium-font-size\"><strong>EX\u00c1MENES DE PROMOCI\u00d3N &#8211; 1 DE SEPTIEMBRE DE 2025<\/strong><\/p>\n\n\n\n<figure class=\"wp-block-image size-full\"><img loading=\"lazy\" decoding=\"async\" width=\"678\" height=\"573\" src=\"https:\/\/www.eoiestepona.org\/web\/wp-content\/uploads\/2025\/05\/examenesfrance3s.jpg\" alt=\"\" class=\"wp-image-6271\" srcset=\"https:\/\/www.eoiestepona.org\/web\/wp-content\/uploads\/2025\/05\/examenesfrance3s.jpg 678w, https:\/\/www.eoiestepona.org\/web\/wp-content\/uploads\/2025\/05\/examenesfrance3s-300x254.jpg 300w\" sizes=\"auto, (max-width: 678px) 100vw, 678px\" \/><\/figure>\n\n\n\n<p>La parte oral se realizar\u00e1 tras la parte escrita.<\/p>\n","protected":false},"excerpt":{"rendered":"<p>EX\u00c1MENES DE PROMOCI\u00d3N &#8211; 1 DE SEPTIEMBRE DE 2025 La parte oral se realizar\u00e1 tras la parte escrita.<\/p>\n","protected":false},"author":2,"featured_media":0,"parent":0,"menu_order":0,"comment_status":"closed","ping_status":"closed","template":"","meta":{"footnotes":""},"class_list":["post-1801","page","type-page","status-publish","hentry"],"_links":{"self":[{"href":"https:\/\/www.eoiestepona.org\/web\/wp-json\/wp\/v2\/pages\/1801","targetHints":{"allow":["GET"]}}],"collection":[{"href":"https:\/\/www.eoiestepona.org\/web\/wp-json\/wp\/v2\/pages"}],"about":[{"href":"https:\/\/www.eoiestepona.org\/web\/wp-json\/wp\/v2\/types\/page"}],"author":[{"embeddable":true,"href":"https:\/\/www.eoiestepona.org\/web\/wp-json\/wp\/v2\/users\/2"}],"replies":[{"embeddable":true,"href":"https:\/\/www.eoiestepona.org\/web\/wp-json\/wp\/v2\/comments?post=1801"}],"version-history":[{"count":27,"href":"https:\/\/www.eoiestepona.org\/web\/wp-json\/wp\/v2\/pages\/1801\/revisions"}],"predecessor-version":[{"id":6338,"href":"https:\/\/www.eoiestepona.org\/web\/wp-json\/wp\/v2\/pages\/1801\/revisions\/6338"}],"wp:attachment":[{"href":"https:\/\/www.eoiestepona.org\/web\/wp-json\/wp\/v2\/media?parent=1801"}],"curies":[{"name":"wp","href":"https:\/\/api.w.org\/{rel}","templated":true}]}}