{"id":2151,"date":"2020-03-31T15:51:45","date_gmt":"2020-03-31T13:51:45","guid":{"rendered":"http:\/\/www.eoiestepona.org\/web\/?page_id=2151"},"modified":"2026-02-10T11:15:31","modified_gmt":"2026-02-10T10:15:31","slug":"circuit-des-murs-peints-destepona","status":"publish","type":"page","link":"https:\/\/www.eoiestepona.org\/web\/circuit-des-murs-peints-destepona\/","title":{"rendered":"Circuit de peintures murales d&#8217;Estepona"},"content":{"rendered":"\n<p>Estepona (M\u00e1laga) est connue par \u00eatre une ville baln\u00e9aire du sud d&#8217;Espagne mais aussi par ses peintures murales. La ville offre un grand nombre de fresques, de murs peints et de trompe-l&#8217;oeil.   Ils  font d\u00e9sormais partie du patrimoine de la ville.&nbsp; <\/p>\n\n\n\n<p>Au total, la ville compte plus de 60 peintures murales r\u00e9parties aux quatre coins de son agglom\u00e9ration qui nous permettent de nous balader dans ses rues et d\u00e9couvrir ce patrimoine.<\/p>\n\n\n\n<p>Les \u00e9l\u00e8ves de l&#8217;Ecole Officielle de Langues d&#8217;Estepona vous offrent ce circuit en version fran\u00e7aise afin de vous approcher notre patrimoine artistique.<\/p>\n\n\n\n<blockquote class=\"wp-block-quote is-style-default is-layout-flow wp-block-quote-is-layout-flow\">\n<p> L\u2019oeuvre d\u2019art n\u2019est pas le reflet, l\u2019image du monde; mais elle est \u00e0 l\u2019image du monde.<br>Eug\u00e8ne Ionesco <\/p>\n<\/blockquote>\n\n\n\n<figure class=\"wp-block-image size-large is-resized\"><img loading=\"lazy\" decoding=\"async\" width=\"1021\" height=\"480\" src=\"http:\/\/www.eoiestepona.org\/web\/wp-content\/uploads\/2021\/04\/MAPA.png\" alt=\"\" class=\"wp-image-3092\" style=\"width:680px;height:319px\" srcset=\"https:\/\/www.eoiestepona.org\/web\/wp-content\/uploads\/2021\/04\/MAPA.png 1021w, https:\/\/www.eoiestepona.org\/web\/wp-content\/uploads\/2021\/04\/MAPA-300x141.png 300w, https:\/\/www.eoiestepona.org\/web\/wp-content\/uploads\/2021\/04\/MAPA-768x361.png 768w\" sizes=\"auto, (max-width: 1021px) 100vw, 1021px\" \/><\/figure>\n\n\n\n<p>1. <a href=\"http:\/\/www.eoiestepona.org\/web\/41-estepona-bermeja-de-ana-cecilia-salinas-2\/\">ESTEPONA BERMEJA de Ana Cecilia Salinas<\/a>. C\/ Formentera (Bda. Los Televisores).<\/p>\n\n\n\n<p>2. <a href=\"http:\/\/www.eoiestepona.org\/web\/la-casa-de-la-buena-gente-de-conchi-alvarez-2\/\">LA CASA DE LA BUENA GENTE de Conchi \u00c1lvarez<\/a>. C\/ Tres Banderas.<\/p>\n\n\n\n<p>3. <a href=\"http:\/\/www.eoiestepona.org\/web\/15-almas-del-mar-de-blanca-larrauri-2\/\">ALMAS DEL MAR de Blanca Larrauri<\/a>. Prolongaci\u00f3n Avda. San Lorenzo.<\/p>\n\n\n\n<p>4. TIEMPOS DE CLARIDAD de Ana Cecilia Salinas. Avda. Andaluc\u00eda (Bda. San Isidro).<\/p>\n\n\n\n<p>5. <a href=\"http:\/\/www.eoiestepona.org\/web\/27-la-mirada-de-un-nino-de-francisco-alarcon-2\/\">LA MIRADA DE UN NI\u00d1O de Francisco Alarc\u00f3n<\/a>. C\/ Terraza (Bda. Primavera).<\/p>\n\n\n\n<p>6. <a href=\"http:\/\/www.eoiestepona.org\/web\/28-madre-amorosa-de-francisco-alarcon\/\">MADRE AMOROSA de Francisco Alarc\u00f3n<\/a>. C\/ Terraza (Bda. Primavera).<\/p>\n\n\n\n<p>7. <a href=\"http:\/\/www.eoiestepona.org\/web\/33-pasen-y-vean-de-elena-aguilera-2\/\">PASEN Y VEAN de Elena Aguilera<\/a>. C\/ Goya (Bda. El Cid).<\/p>\n\n\n\n<p>8. <a href=\"http:\/\/www.eoiestepona.org\/web\/7-siglo-xxi-de-nestor-prada-2\/\">SIGLO XXI de N\u00e9stor Prada<\/a>. Plaza ABC.<\/p>\n\n\n\n<p>9. <em>OBRA ART\u00cdSTICA de Juanjo San Pedro. Auditorio Felipe VI (en horario de apertura)<\/em>.<\/p>\n\n\n\n<p>10. FUNDACI\u00d3N ANTONIA GUERRERO de Joaqu\u00edn Aguilera. C\/ Pilar de Farin\u00f3s.<\/p>\n\n\n\n<p>11. <a href=\"http:\/\/www.eoiestepona.org\/web\/40-una-flor-de-futuro-de-jose-fernandez-rios-2\/\">UNA FLOR DE FUTURO de Jos\u00e9 Fern\u00e1ndez R\u00edos<\/a>. C\/ Ntra. Sra. de Los Remedios.<\/p>\n\n\n\n<p>12. <a href=\"http:\/\/www.eoiestepona.org\/web\/26-dia-de-pesca-de-jose-fernandez-rios\/\">DIA DE PESCA de Jos\u00e9 Fern\u00e1ndez R\u00edos<\/a>. C\/ Terraza (Bda. Isabel Sim\u00f3n).<\/p>\n\n\n\n<p>13. <a href=\"http:\/\/www.eoiestepona.org\/web\/45-azul-y-plata-del-colectivo-moraga-2\/\">AZUL Y PLATA del Colectivo Moraga<\/a>. Avda. Libertad (Bda. Blas Infantes).<\/p>\n\n\n\n<p>14. <a href=\"http:\/\/www.eoiestepona.org\/web\/25-keep-on-tracking-de-juan-abia-presa-nano4814-2\/\">KEEP ON TRACKING de Juan Abia Presa \u201cNano4814<\/a>\u201d. C\/ Mantilla (Bda. Mar y Sierra).<\/p>\n\n\n\n<p>15. <a href=\"http:\/\/www.eoiestepona.org\/web\/angel-el-buceador-de-eric-aman-2\/\">\u00c1NGEL EL BUCEADOR de Eric Aman<\/a>. C\/ Tres Banderas.<\/p>\n\n\n\n<p>16. <a href=\"http:\/\/www.eoiestepona.org\/web\/44-salartij-del-colectivo-moraga-2\/\">SALARTIJ del Colectivo Moraga<\/a>. Bda. Blas Infante, bloque 12.<\/p>\n\n\n\n<p>17. <a href=\"http:\/\/www.eoiestepona.org\/web\/20-regando-el-jardin-de-jose-fernandez-rios\/\">REGANDO EL JARD\u00cdN de Jos\u00e9 Fern\u00e1ndez R\u00edos<\/a>. Avda. Andaluc\u00eda.<\/p>\n\n\n\n<p>18. <a href=\"http:\/\/www.eoiestepona.org\/web\/aires-de-musica-de-blanca-larrauri\/\">AIRES DE M\u00daSICA de Blanca Larrauri<\/a>. Plaza San Fernando.<\/p>\n\n\n\n<p>19. <a href=\"http:\/\/www.eoiestepona.org\/web\/9-la-poda-de-la-buganvilla-de-jose-fernandez-rios-2\/\">LA PODA DE LA BUGANVILLA de Jos\u00e9 Fern\u00e1ndez R\u00edos<\/a>. Avda. San Lorenzo (Colegio V\u00edctor de la Serna).<\/p>\n\n\n\n<p>20. <a href=\"http:\/\/www.eoiestepona.org\/web\/la-huerta-de-irene-de-encarnacion-de-hoyos\/\">LA HUERTA DE IRENE de Encarnaci\u00f3n de Hoyos<\/a>. Avda. Andaluc\u00eda (Guarder\u00eda Los Pitufos).<\/p>\n\n\n\n<p>21. <a href=\"http:\/\/www.eoiestepona.org\/web\/30-4m-de-miguel-gonzalez-2\/\">4M de Miguel Gonz\u00e1lez<\/a>. C\/ Cristo del Amor (Edf. Los Claveles).<\/p>\n\n\n\n<p>22. <a href=\"http:\/\/www.eoiestepona.org\/web\/38-sin-memoria-no-hay-historia-de-joaquin-aguilera-2\/\">SIN MEMORIA NO HAY HISTORIA de Joaqu\u00edn Aguilera<\/a>. C\/ Dos de Mayo (Bda. Sol\u00eds).<\/p>\n\n\n\n<p>23. <a href=\"http:\/\/www.eoiestepona.org\/web\/san-isidro-labrador-de-blanca-larrauri-2\/\">SAN ISIDRO LABRADOR de Blanca Larrauri<\/a>. C\/ Mar\u00eda Magdalena (Bda. Fuerzas Armadas).<\/p>\n\n\n\n<p>24<a href=\"http:\/\/www.eoiestepona.org\/web\/29-reflejos-del-jardin-de-jose-fernandez-rios\/\">. REFLEJOS DEL JARD\u00cdN de Jos\u00e9 Fern\u00e1ndez R\u00edos<\/a>. Parque Bot\u00e1nico y Orquidario.<\/p>\n\n\n\n<p>25. <a href=\"http:\/\/www.eoiestepona.org\/web\/quijote-del-s-xxi-de-curro-leyton-2\/\">QUIJOTE DEL SIGLO XXI de Curro Leyton<\/a>. C\/ Eslovaquia (Instituto Puerta del Mar).<\/p>\n\n\n\n<p>26. <a href=\"http:\/\/www.eoiestepona.org\/web\/in-memoriam-de-pilar-castanon-y-maria-romero\/\">IN MEMORIAM de Pilar Casta\u00f1on y Mar\u00eda Romero<\/a>. Avda. Juan Carlos I (Bda. San Isidro).<\/p>\n\n\n\n<p>27. <a href=\"http:\/\/www.eoiestepona.org\/web\/3-6-segundos-de-oscuridad-de-ana-torralba-2\/\">6 SEGUNDOS DE OSCURIDAD de Ana Torralba \u201cAnula Mixtura\u201d.<\/a> C\/ Frasquito Gil (Edf. Vista \u00c1frica).<\/p>\n\n\n\n<p>28. <a href=\"http:\/\/www.eoiestepona.org\/web\/35-antonia-guerrero-sueno-de-libertad-de-francisco-alarcon-perez\/\">ANTONIA GUERRERO, SUE\u00d1O DE LIBERTAD de Francisco Alarc\u00f3n P\u00e9rez<\/a>. C\/ Valencia.<\/p>\n\n\n\n<p>29. <a href=\"http:\/\/www.eoiestepona.org\/web\/17-desde-el-mar-de-jose-fernandez-rios\/\">DESDE EL MAR de Jos\u00e9 Fern\u00e1ndez R\u00edos<\/a>. C\/ Ricardo Ortega (Instituto Monterroso).<\/p>\n\n\n\n<p>30. <a href=\"http:\/\/www.eoiestepona.org\/web\/43-quijote-en-el-guernica-de-curro-leyton-2\/\">QUIJOTE EN EL GUERNICA de Curro Leyton<\/a>. C\/ Virgen de la Cabeza (Colegio Mar\u00eda Espinosa).<\/p>\n\n\n\n<p>31. <a href=\"http:\/\/www.eoiestepona.org\/web\/24-el-bosque-de-las-maravillas-de-zosen-y-mina-hamada-2\/\">EL BOSQUE DE LAS MARAVILLAS de Zosen y Mina Hamada<\/a>. C\/ Terraza, 152.<\/p>\n\n\n\n<p>32. <a href=\"http:\/\/www.eoiestepona.org\/web\/sin-titulo-de-efren-calderon-2\/\">SIN TITULO de Efr\u00e9n Calder\u00f3n<\/a>. Plaza Juanito Valderrama.<\/p>\n\n\n\n<p>33. HOLA de Edmon. Avda. Juan Carlos I (Colegio Ram\u00f3n Garc\u00eda).<\/p>\n\n\n\n<p>34. <a href=\"http:\/\/www.eoiestepona.org\/web\/39-la-imagen-vuelta-de-fernando-clemente-2\/\">LA IMAGEN VUELTA de Fernando Clemente<\/a>. Avda. Andaluc\u00eda, 57.<\/p>\n\n\n\n<p>35. <a href=\"http:\/\/www.eoiestepona.org\/web\/42-la-luna-de-dadi-dreucol-2\/\">LA LUNA de Dadi Dreucol<\/a>. Avda. Andaluc\u00eda, 67.<\/p>\n\n\n\n<p>36. <a href=\"http:\/\/www.eoiestepona.org\/web\/llegando-a-tu-destino-de-dourone-2\/\" data-type=\"post\">LLEGANDO A TU DESTINO de Dourone<\/a>. Prolongaci\u00f3n Avda. San Lorenzo, 17.<\/p>\n\n\n\n<p>37. <a href=\"http:\/\/www.eoiestepona.org\/web\/paraiso-golf-de-manuel-leon-2\/\">PARA\u00cdSO GOLF de Manuel Le\u00f3n<\/a>. C\/ Terraza, 168.<\/p>\n\n\n\n<p>38. <a href=\"http:\/\/www.eoiestepona.org\/web\/musas-de-lalone-2\/\">MUSAS de Lalone<\/a>. Avda. Puerta del Mar.<\/p>\n\n\n\n<p>39. <a href=\"http:\/\/www.eoiestepona.org\/web\/32-jump-into-blue-de-cazl-2\/\">JUMP INTO BLUE de CAZL<\/a>. Pasaje Poetas Andaluces.<\/p>\n\n\n\n<p>40. <a href=\"http:\/\/www.eoiestepona.org\/web\/31-freaks-de-rebelzer-2\/\">FREAKS de Rebelzer<\/a>. C\/ Granada, 16.<\/p>\n\n\n\n<p>41. <a href=\"http:\/\/www.eoiestepona.org\/web\/36-agua-en-sistema-braille-de-fran-redondo-2\/\">AGUA en sistema Braille de Fran Redondo<\/a>. C\/ M\u00e1laga (Edf. Saymar).<\/p>\n\n\n\n<p>42. <a href=\"http:\/\/www.eoiestepona.org\/web\/34-recuerdos-orientales-de-jose-fernandez-rios-2\/\">RECUERDOS ORIENTALES de Jos\u00e9 Fern\u00e1ndez R\u00edos<\/a>. Plaza Antonia Guerrero.<\/p>\n\n\n\n<p>43. <a href=\"http:\/\/www.eoiestepona.org\/web\/37-porticos-del-cielo-de-jose-fernandez-rios-2\/\">P\u00d3RTICOS DEL CIELO de Jos\u00e9 Fern\u00e1ndez R\u00edos<\/a>. Avda. Andaluc\u00eda, 3.<\/p>\n\n\n\n<p>44. <a href=\"http:\/\/www.eoiestepona.org\/web\/la-ultima-cena-de-curro-leyton-2\/\">LA \u00daLTIMA CENA de Curro Leyton<\/a>. C\/ Madrid (Iglesia San Jos\u00e9).<\/p>\n\n\n\n<p>45. <em>MURAL HIST\u00d3RICO del S.XIX, an\u00f3nimo. Plaza de las Flores.<\/em><\/p>\n\n\n\n<p>46. <a href=\"http:\/\/www.eoiestepona.org\/web\/4180-2\/\">ESP\u00cdRITU DE EQUIPO de Fco. Alarc\u00f3n.<\/a> C\/Crist\u00f3bal Ruiz M\u00e9ndez (Pabell\u00f3n Ramos-Cazorla).<\/p>\n\n\n\n<p>47. LEYTON de Curro Leyton. C\/ Ciudad Real (Pabell\u00f3n La Lobilla).<\/p>\n\n\n\n<p>48. <em>FRESCOS DE LA CASA MOND\u00c9JAR del S.XVIII, An\u00f3nimo, C\/ Mond\u00e9jar<\/em>.<\/p>\n\n\n\n<p>49. <a href=\"http:\/\/www.eoiestepona.org\/web\/atlantas-2\/\">ATLANTAS de Jos\u00e9 Fern\u00e1ndez R\u00edos<\/a>. Avda Andaluc\u00eda, 115.<\/p>\n\n\n\n<p>50. <a href=\"http:\/\/www.eoiestepona.org\/web\/deporte-para-todos-de-felix-garcia-alvarez\/\">DEPORTE PARA TODOS de F\u00e9lix Garc\u00eda \u00c1lvarez<\/a>. Centro Deportivo Jos\u00e9 Ram\u00f3n de la Morena.<\/p>\n\n\n\n<p>51. <a href=\"http:\/\/www.eoiestepona.org\/web\/estepona-se-viste-de-flores-de-susana-velasco-2\/\">ESTEPONA SE VISTE DE FLORES de Susana Velasco<\/a>. C\/ Felix Rodriguez de la Fuente.<\/p>\n\n\n\n<p>52. <a href=\"http:\/\/www.eoiestepona.org\/web\/nutrir-de-samantha-jordaan\/\">NUTRIR de Samantha Jordaan<\/a>. C\/ Terraza (Conjunto Andaluc\u00eda).<\/p>\n\n\n\n<p>53. SIN NOMBRE de El Chorro Arts. C\/ Terraza (Bda.Isabel Sim\u00f3n) n\u00ba 1.<\/p>\n\n\n\n<p>54. <a href=\"http:\/\/www.eoiestepona.org\/web\/la-caida-de-vyacheslav-gunin\/\">LA CAIDA de Vyacheslav Gunin.<\/a> C\/ Peineta, (Bda. Isabel Sim\u00f3n) n.\u00ba 6.<\/p>\n\n\n\n<p>55. SIN NOMBRE de Alejandro Gamb\u00edn Vicente. C\/ Santo Domingo de Guzm\u00e1n, n.\u00ba 7.<\/p>\n\n\n\n<p>56. MOMENTO PASAJERO de \u00c1ngel Caballero Rioja. C\/ Melilla, (Edf. Royber).<\/p>\n\n\n\n<p>57. ILUSI\u00d3N de Jos\u00e9 Antonio Barrientos. C\/ San Roque, (Edf. Bustamante).<\/p>\n\n\n\n<p>58. SIN NOMBRE de Alex Serna. C\/ Cristobal Ruiz M\u00e9ndez, (Edf. Soto).<\/p>\n\n\n\n<p>59. LA FASE AZUL DE PAJARITO CURIOSO de Andr\u00e9 Farkos. C\/ San Juan Bosco.<\/p>\n\n\n\n<p>60. FRAGMENTACI\u00d3N DE UN ENTORNO CONCRETO de Alberto Montes S\u00e1nchez. Prolongaci\u00f3n Avda. San Lorenzo, n.\u00ba 25.<\/p>\n\n\n\n<p>61. F\u00c9MINA de Curro Leyton. Polideportivo La Lobilla.<\/p>\n\n\n\n<p>62. EL PESCADOR MODERNO de Juan Pineda. Plaza San Fernando.<\/p>\n\n\n\n<p><a href=\"https:\/\/turismo.estepona.es\/wp-content\/uploads\/2025\/06\/2025-RUTA-MURALES.pdf\"><strong>T\u00e9l\u00e9charger le circuit des Murs Peints<\/strong><\/a><\/p>\n","protected":false},"excerpt":{"rendered":"<p>Estepona (M\u00e1laga) est connue par \u00eatre une ville baln\u00e9aire du sud d&#8217;Espagne mais aussi par ses peintures murales. La ville offre un grand nombre de fresques, de murs peints et &#8230;<\/p>\n","protected":false},"author":2,"featured_media":2145,"parent":0,"menu_order":0,"comment_status":"closed","ping_status":"closed","template":"","meta":{"footnotes":""},"class_list":["post-2151","page","type-page","status-publish","has-post-thumbnail","hentry"],"_links":{"self":[{"href":"https:\/\/www.eoiestepona.org\/web\/wp-json\/wp\/v2\/pages\/2151","targetHints":{"allow":["GET"]}}],"collection":[{"href":"https:\/\/www.eoiestepona.org\/web\/wp-json\/wp\/v2\/pages"}],"about":[{"href":"https:\/\/www.eoiestepona.org\/web\/wp-json\/wp\/v2\/types\/page"}],"author":[{"embeddable":true,"href":"https:\/\/www.eoiestepona.org\/web\/wp-json\/wp\/v2\/users\/2"}],"replies":[{"embeddable":true,"href":"https:\/\/www.eoiestepona.org\/web\/wp-json\/wp\/v2\/comments?post=2151"}],"version-history":[{"count":44,"href":"https:\/\/www.eoiestepona.org\/web\/wp-json\/wp\/v2\/pages\/2151\/revisions"}],"predecessor-version":[{"id":6689,"href":"https:\/\/www.eoiestepona.org\/web\/wp-json\/wp\/v2\/pages\/2151\/revisions\/6689"}],"wp:featuredmedia":[{"embeddable":true,"href":"https:\/\/www.eoiestepona.org\/web\/wp-json\/wp\/v2\/media\/2145"}],"wp:attachment":[{"href":"https:\/\/www.eoiestepona.org\/web\/wp-json\/wp\/v2\/media?parent=2151"}],"curies":[{"name":"wp","href":"https:\/\/api.w.org\/{rel}","templated":true}]}}