{"id":23,"date":"2016-02-12T08:12:49","date_gmt":"2016-02-12T08:12:49","guid":{"rendered":"http:\/\/demos.famethemes.com\/onepress\/?page_id=23"},"modified":"2025-09-09T12:11:55","modified_gmt":"2025-09-09T10:11:55","slug":"service-title-1","status":"publish","type":"page","link":"https:\/\/www.eoiestepona.org\/web\/service-title-1\/","title":{"rendered":"\u00bfQui\u00e9nes somos?"},"content":{"rendered":"<table border=\"0\" width=\"95%\" cellspacing=\"0\" cellpadding=\"0\">\n<tbody>\n<tr>\n<td align=\"left\" valign=\"top\">\n<div style=\"text-align: left;\" align=\"center\"><span style=\"color: #000000;\"><strong>Equipo directivo<img loading=\"lazy\" decoding=\"async\" class=\"alignright size-medium wp-image-1376\" src=\"http:\/\/www.eoiestepona.org\/web\/wp-content\/uploads\/2017\/08\/CIMG4659-300x225.jpg\" alt=\"\" width=\"300\" height=\"225\" srcset=\"https:\/\/www.eoiestepona.org\/web\/wp-content\/uploads\/2017\/08\/CIMG4659-300x225.jpg 300w, https:\/\/www.eoiestepona.org\/web\/wp-content\/uploads\/2017\/08\/CIMG4659-768x576.jpg 768w, https:\/\/www.eoiestepona.org\/web\/wp-content\/uploads\/2017\/08\/CIMG4659-1024x768.jpg 1024w, https:\/\/www.eoiestepona.org\/web\/wp-content\/uploads\/2017\/08\/CIMG4659.jpg 1600w\" sizes=\"auto, (max-width: 300px) 100vw, 300px\" \/><\/strong> <\/span><\/div>\n<ul>\n<li><big> <\/big><span style=\"font-family: Helvetica,Arial,sans-serif;\"><span style=\"font-family: Helvetica,Arial,sans-serif;\"><b><span class=\"Estilo3\" style=\"color: #000000;\">Director: <\/span><\/b><\/span><\/span>Ortiz Cantos, Juan Antonio<\/li>\n<li><span style=\"font-family: Helvetica,Arial,sans-serif;\"><span style=\"font-family: Helvetica,Arial,sans-serif;\"><b><span class=\"Estilo3\" style=\"color: #000000;\">Secretaria:<\/span><\/b><span class=\"Estilo3\" style=\"color: #000000;\">S\u00e1nchez Delgado, Laura<\/span><\/span><\/span><\/li>\n<li><span style=\"font-family: Helvetica,Arial,sans-serif;\"><span style=\"font-family: Helvetica,Arial,sans-serif;\"><b><span class=\"Estilo3\" style=\"color: #000000;\">Jefe de Estudios:<\/span> <\/b>D\u00edaz Villanueva, Jos\u00e9 Manuel<\/span><\/span><\/li>\n<li><span style=\"font-family: Helvetica,Arial,sans-serif; color: #000000;\"><b><span class=\"Estilo3\">Departamento de Ingl\u00e9s:<\/span><\/b><\/span><\/li>\n<\/ul>\n<ul>\n<li>Arranz Garc\u00eda, Sara <span style=\"font-family: Helvetica,Arial,sans-serif;\"><b>(<span style=\"color: #000000;\">Jefa\u00a0Dpto. Ingl\u00e9s<\/span>)<\/b><\/span><\/li>\n<li>Cort\u00e9s Zotes, Agust\u00edn Fernando<\/li>\n<li>D\u00edaz Villanueva, Jos\u00e9 Manuel<\/li>\n<li>Exp\u00f3sito Castej\u00f3n, Juan Marcos<\/li>\n<li>Gonz\u00e1lez Moreno, Jos\u00e9<\/li>\n<li>S\u00e1nchez Delgado, Laura<\/li>\n<\/ul>\n<p>&nbsp;<\/p>\n<p><span style=\"font-family: Helvetica,Arial,sans-serif; color: #000000;\"><b>Departamento de Franc\u00e9s:<\/b><\/span><\/p>\n<ul>\n<li>Merle ., Pauline Laurence<\/li>\n<li>Moya G\u00f3mez, Olalla<\/li>\n<li>Ortiz Cantos, Juan Antonio <span style=\"font-family: Helvetica,Arial,sans-serif;\"><b>(<span style=\"color: #000000;\">Jefe Dpto. Franc\u00e9s<\/span>)<\/b><\/span><\/li>\n<\/ul>\n<p><span style=\"font-family: Helvetica,Arial,sans-serif;\"><b><span class=\"Estilo3\"><span style=\"color: #000000;\">Jefa de Departamento de Actividades Culturales<\/span>: F-<\/span><\/b><\/span><\/p>\n<p><span style=\"font-family: Helvetica,Arial,sans-serif;\"><b><span style=\"color: #000000;\">Jefa de Departamento de Orientaci\u00f3n, Formaci\u00f3n, Evaluaci\u00f3n e Innovaci\u00f3n Educativa: <\/span><\/b><span style=\"color: #000000;\">D\u00edaz Villanueva, Jos\u00e9 Manuel<\/span><\/span><\/p>\n<p><strong>Coordinador de Coeducaci\u00f3n<\/strong>: &#8211;<\/p>\n<p><span style=\"font-family: Helvetica,Arial,sans-serif;\"><b><span class=\"Estilo3\"><span style=\"color: #000000;\">Ordenanza<\/span>: <\/span><\/b><\/span>Guti\u00e9rrez Onetto, Elisabet<\/p>\n<p><strong>Administrativa<\/strong>: Mensah Donkor, Nieves<\/p>\n<p><span style=\"font-family: Helvetica,Arial,sans-serif;\"><b>\u00a0<\/b><\/span><\/p>\n<div align=\"center\"><\/div>\n<\/td>\n<\/tr>\n<\/tbody>\n<\/table>\n","protected":false},"excerpt":{"rendered":"<p>Morbi in sem quis dui placerat ornare. Pellentesque odio nisi euismod in pharetra a ultricies.<\/p>\n","protected":false},"author":1,"featured_media":0,"parent":0,"menu_order":0,"comment_status":"closed","ping_status":"closed","template":"","meta":{"footnotes":""},"class_list":["post-23","page","type-page","status-publish","hentry"],"_links":{"self":[{"href":"https:\/\/www.eoiestepona.org\/web\/wp-json\/wp\/v2\/pages\/23","targetHints":{"allow":["GET"]}}],"collection":[{"href":"https:\/\/www.eoiestepona.org\/web\/wp-json\/wp\/v2\/pages"}],"about":[{"href":"https:\/\/www.eoiestepona.org\/web\/wp-json\/wp\/v2\/types\/page"}],"author":[{"embeddable":true,"href":"https:\/\/www.eoiestepona.org\/web\/wp-json\/wp\/v2\/users\/1"}],"replies":[{"embeddable":true,"href":"https:\/\/www.eoiestepona.org\/web\/wp-json\/wp\/v2\/comments?post=23"}],"version-history":[{"count":21,"href":"https:\/\/www.eoiestepona.org\/web\/wp-json\/wp\/v2\/pages\/23\/revisions"}],"predecessor-version":[{"id":6379,"href":"https:\/\/www.eoiestepona.org\/web\/wp-json\/wp\/v2\/pages\/23\/revisions\/6379"}],"wp:attachment":[{"href":"https:\/\/www.eoiestepona.org\/web\/wp-json\/wp\/v2\/media?parent=23"}],"curies":[{"name":"wp","href":"https:\/\/api.w.org\/{rel}","templated":true}]}}