{"id":2419,"date":"2020-06-18T14:53:57","date_gmt":"2020-06-18T12:53:57","guid":{"rendered":"http:\/\/www.eoiestepona.org\/web\/?page_id=2419"},"modified":"2025-09-12T11:49:13","modified_gmt":"2025-09-12T09:49:13","slug":"reclamaciones-a-notas","status":"publish","type":"page","link":"https:\/\/www.eoiestepona.org\/web\/reclamaciones-a-notas\/","title":{"rendered":"Reclamaciones a notas"},"content":{"rendered":"\n<p>Cronograma Plazos de reclamaci\u00f3n Calificaciones Finales <\/p>\n\n\n\n<ol style=\"list-style-type:1\" class=\"wp-block-list\">\n<li>Publicaci\u00f3n de resultados : 12 septiembre junio<\/li>\n\n\n\n<li>Solicitud de revisi\u00f3n ante el centro: tres d\u00edas h\u00e1biles siguientes. (15, 16 y 17 de septiembre)<\/li>\n<\/ol>\n\n\n\n<p><em>(El <a href=\"https:\/\/drive.google.com\/file\/d\/1MkMPtlTmpKFyGKSU_Run47q49EPVbT-K\/view?usp=sharing\">impreso de solicitud deber\u00e1 ser descargado  y<\/a> una vez relleno enviado a secretaria.eoiestepona@gmail.com )<\/em> <\/p>\n\n\n\n<ul class=\"wp-block-list\">\n<li>Reuni\u00f3n de departamento en primer d\u00eda h\u00e1bil despu\u00e9s del \u00faltimo d\u00eda h\u00e1bil de solicitud.<\/li>\n<\/ul>\n\n\n\n<p>\u2013 &nbsp;Se realizar\u00e1 informe por escrito y se comunicar\u00e1 al alumno\/a<\/p>\n\n\n\n<ul class=\"wp-block-list\">\n<li>Reclamaci\u00f3n (ante Delegaci\u00f3n Provincial*): dos d\u00edas h\u00e1biles a partir de la recepci\u00f3n del alumno\/a de la comunicaci\u00f3n por parte del centro.<\/li>\n\n\n\n<li>En un plazo no superior a tres d\u00edas, el Director del centro remitir\u00e1 el expediente a la Delegaci\u00f3n Provincial para su resoluci\u00f3n.<\/li>\n<\/ul>\n\n\n\n<p>*Tanto&nbsp; las solicitudes de revisi\u00f3n dirigidas al Centro como las de reclamaci\u00f3n dirigidas a la Delegaci\u00f3n Territorial se presentar\u00e1n en la Secretar\u00eda del centro donde se encuentra escolarizado\/a &nbsp;el alumno\/a.<\/p>\n\n\n\n<p><\/p>\n","protected":false},"excerpt":{"rendered":"<p>Cronograma Plazos de reclamaci\u00f3n Calificaciones Finales (El impreso de solicitud deber\u00e1 ser descargado y una vez relleno enviado a secretaria.eoiestepona@gmail.com ) \u2013 &nbsp;Se realizar\u00e1 informe por escrito y se comunicar\u00e1 &#8230;<\/p>\n","protected":false},"author":2,"featured_media":0,"parent":0,"menu_order":0,"comment_status":"closed","ping_status":"closed","template":"","meta":{"footnotes":""},"class_list":["post-2419","page","type-page","status-publish","hentry"],"_links":{"self":[{"href":"https:\/\/www.eoiestepona.org\/web\/wp-json\/wp\/v2\/pages\/2419","targetHints":{"allow":["GET"]}}],"collection":[{"href":"https:\/\/www.eoiestepona.org\/web\/wp-json\/wp\/v2\/pages"}],"about":[{"href":"https:\/\/www.eoiestepona.org\/web\/wp-json\/wp\/v2\/types\/page"}],"author":[{"embeddable":true,"href":"https:\/\/www.eoiestepona.org\/web\/wp-json\/wp\/v2\/users\/2"}],"replies":[{"embeddable":true,"href":"https:\/\/www.eoiestepona.org\/web\/wp-json\/wp\/v2\/comments?post=2419"}],"version-history":[{"count":16,"href":"https:\/\/www.eoiestepona.org\/web\/wp-json\/wp\/v2\/pages\/2419\/revisions"}],"predecessor-version":[{"id":6383,"href":"https:\/\/www.eoiestepona.org\/web\/wp-json\/wp\/v2\/pages\/2419\/revisions\/6383"}],"wp:attachment":[{"href":"https:\/\/www.eoiestepona.org\/web\/wp-json\/wp\/v2\/media?parent=2419"}],"curies":[{"name":"wp","href":"https:\/\/api.w.org\/{rel}","templated":true}]}}