{"id":26,"date":"2016-02-12T08:13:33","date_gmt":"2016-02-12T08:13:33","guid":{"rendered":"http:\/\/demos.famethemes.com\/onepress\/?page_id=26"},"modified":"2022-03-08T17:51:21","modified_gmt":"2022-03-08T16:51:21","slug":"solicitar_plaza","status":"publish","type":"page","link":"https:\/\/www.eoiestepona.org\/web\/solicitar_plaza\/","title":{"rendered":"Solicitar plaza"},"content":{"rendered":"<h4>Plazo para solicitar plaza<\/h4>\n<p>Todos los a\u00f1os del 1 al 20 de mayo.<\/p>\n<p><span style=\"color: #ff0000;\">A\u00fan no hemos recibido informaci\u00f3n sobre el proceso para el pr\u00f3ximo curso 2022\/2023.<\/span><\/p>\n<h4>\u00bfQUI\u00c9N DEBE SOLICITAR PLAZA?<\/h4>\n<ul>\n<li>Los que deseen acceder por primera vez a los estudios de la EOI de Estepona.<\/li>\n<li>El alumnado oficial de la propia Escuela que haya interrumpido sus estudios por cualquier causa y desee continuarlos de nuevo.<\/li>\n<li>El alumnado oficial de la propia Escuela que desee cambiar de la modalidad.<\/li>\n<li>El alumnado que proceda de otra Escuela Oficial de Idiomas, del Instituto de Ense\u00f1anza a Distancia de Andaluc\u00eda o de That\u2019s English y desee incorporarse a cualquier modalidad.<\/li>\n<li>El alumnado que proceda del r\u00e9gimen de ense\u00f1anza libre y desee continuar sus estudios en el r\u00e9gimen de ense\u00f1anza oficial.<\/li>\n<li>El alumnado cuya solicitud de anulaci\u00f3n de matr\u00edcula haya sido estimada en el presente curso y desee continuar sus estudios.<\/li>\n<\/ul>\n<h4>\u00bfQU\u00c9 MODALIDADES DE ESTUDIO HAY?<\/h4>\n<p><strong>MODALIDAD PRESENCIAL<\/strong><br \/>\nEl alumnado matriculado en la ense\u00f1anza presencial recibe cuatro horas y media de clase a la semana.<br \/>\nLas clases son de obligada asistencia.<br \/>\nCon el abono de la matr\u00edcula tiene derecho a dos convocatorias de examen: una en junio y otra en septiembre.<br \/>\n<strong>MODALIDAD SEMIPRESENCIAL<\/strong><br \/>\nEl alumnado matriculado en la ense\u00f1anza semipresencial asiste a clase un m\u00ednimo de 1 hora a la semana y el resto del trabajo se realiza a trav\u00e9s de una plataforma Moodle.<br \/>\nLas clases son de obligada asistencia.<br \/>\nCon el abono de la matr\u00edcula tiene derecho a dos convocatorias de examen: una en junio y otra en septiembre.<\/p>\n<h4>\u00bfCU\u00c1LES SON LOS REQUISITOS DE ACCESO?<\/h4>\n<p><strong>MODALIDAD PRESENCIAL <\/strong><br \/>\n16 a\u00f1os cumplidos antes del 31 de diciembre de 2022.<br \/>\nNacidos en 2007 \u00f3 2008 S\u00d3LO para un idioma distinto del cursado en la ESO.<br \/>\nPara acceder al Nivel C1 deber\u00e1 estar en posesi\u00f3n del Nivel Avanzado 2 de la EOI o certificado equivalente de B2 en el momento de la matriculaci\u00f3n.<br \/>\n<strong>MODALIDAD SEMIPRESENCIAL<\/strong><br \/>\n18 a\u00f1os cumplidos antes del 31 de diciembre de 2022.<br \/>\n16 a\u00f1os cumplidos antes del 31 de diciembre de 2022. S\u00d3LO casos excepcionales. Consulte la normativa<br \/>\n<strong>CURSOS CAL (ACTUALIZACI\u00d3N LING\u00dc\u00cdSTICA DEL PROFESORADO)<\/strong><br \/>\nEstar en activo en un centro p\u00fablico, privado concertado o de titularidad municipal.<\/p>\n<h4>\u00bfC\u00d3MO SOLICITAR PLAZA?<\/h4>\n<p>Tanto para solicitar admisi\u00f3n como para formalizar tu matr\u00edcula tienes varias opciones:<\/p>\n<ul>\n<li>Mediante proceso telem\u00e1tico a trav\u00e9s de la <a href=\"https:\/\/www.juntadeandalucia.es\/educacion\/secretariavirtual\/\" target=\"_blank\" rel=\"noopener noreferrer\">Secretar\u00eda virtual<\/a>, con o sin certificado digital. Esta es la forma m\u00e1s recomendable. En este caso el procedimiento var\u00eda si quieres acceder a las ense\u00f1anzas en las modalidades presencial y semipresencial o a CAL.<\/li>\n<\/ul>\n<p style=\"padding-left: 30px;\">Ten en cuenta que si realizas cualquier tr\u00e1mite sin certificado digital, este no est\u00e1 finalizado hasta que no env\u00edas la documentaci\u00f3n correspondiente al centro (puedes hacerlo en persona, por correo postal y como \u00faltimo recurso presentando la documentaci\u00f3n en cualquier registro oficial, siempre dentro del plazo correspondiente, tal y como se describe a continuaci\u00f3n)<\/p>\n<ul>\n<li>Enviar tu documentaci\u00f3n por correo postal certificado al centro docente, siempre con la solicitud y su copia sellada en correos con la fecha de env\u00edo antes de introducirla en el sobre. De esta manera puedes conservar tu copia como resguardo.<\/li>\n<li>Presentar tu documentaci\u00f3n en persona directamente en el centro docente. Entrega en sobre cerrado en el buz\u00f3n de solicitudes en horario de lunes a jueves de 17.00 a 19.00 horas.<\/li>\n<li>Entregar tu documentaci\u00f3n en los registros de cualquier \u00d3rgano Administrativo que pertenezca a la Administraci\u00f3n General del Estado, a cualquiera de las Administraciones de las Comunidades Aut\u00f3nomas y a las Entidades Locales (esta opci\u00f3n es la menos recomendable por el tiempo que transcurre entre tu entrega y la recepci\u00f3n de tu documentaci\u00f3n en el centro).<\/li>\n<\/ul>\n<h4><a href=\"http:\/\/www.eoiestepona.org\/web\/prueba-de-nivel\/\">PRUEBA DE NIVEL<\/a><\/h4>\n<p>PARA M\u00c1S INFORMACI\u00d3N CONSULTE <a href=\"http:\/\/www.juntadeandalucia.es\/educacion\/portals\/web\/educacion-permanente\/idiomas\/requisitos\" target=\"_blank\" rel=\"noopener noreferrer\">LA WEB DE EDUCACI\u00d3N PERMANENTE<\/a>.<\/p>\n","protected":false},"excerpt":{"rendered":"<p>Morbi in sem quis dui placerat ornare. Pellentesque odio nisi euismod in pharetra a ultricies.<\/p>\n","protected":false},"author":1,"featured_media":0,"parent":0,"menu_order":0,"comment_status":"closed","ping_status":"closed","template":"template-fullwidth.php","meta":{"footnotes":""},"class_list":["post-26","page","type-page","status-publish","hentry"],"_links":{"self":[{"href":"https:\/\/www.eoiestepona.org\/web\/wp-json\/wp\/v2\/pages\/26","targetHints":{"allow":["GET"]}}],"collection":[{"href":"https:\/\/www.eoiestepona.org\/web\/wp-json\/wp\/v2\/pages"}],"about":[{"href":"https:\/\/www.eoiestepona.org\/web\/wp-json\/wp\/v2\/types\/page"}],"author":[{"embeddable":true,"href":"https:\/\/www.eoiestepona.org\/web\/wp-json\/wp\/v2\/users\/1"}],"replies":[{"embeddable":true,"href":"https:\/\/www.eoiestepona.org\/web\/wp-json\/wp\/v2\/comments?post=26"}],"version-history":[{"count":13,"href":"https:\/\/www.eoiestepona.org\/web\/wp-json\/wp\/v2\/pages\/26\/revisions"}],"predecessor-version":[{"id":3950,"href":"https:\/\/www.eoiestepona.org\/web\/wp-json\/wp\/v2\/pages\/26\/revisions\/3950"}],"wp:attachment":[{"href":"https:\/\/www.eoiestepona.org\/web\/wp-json\/wp\/v2\/media?parent=26"}],"curies":[{"name":"wp","href":"https:\/\/api.w.org\/{rel}","templated":true}]}}