{"id":2707,"date":"2021-02-11T19:18:23","date_gmt":"2021-02-11T18:18:23","guid":{"rendered":"http:\/\/www.eoiestepona.org\/web\/?page_id=2707"},"modified":"2022-04-04T12:50:55","modified_gmt":"2022-04-04T10:50:55","slug":"documentos-del-centro-2","status":"publish","type":"page","link":"https:\/\/www.eoiestepona.org\/web\/documentos-del-centro-2\/","title":{"rendered":"Documentos del centro"},"content":{"rendered":"\n<div class=\"wp-block-file\"><a href=\"http:\/\/www.eoiestepona.org\/web\/wp-content\/uploads\/2021\/11\/proyecto_educativo-3.pdf\">proyecto_educativo<\/a><a href=\"http:\/\/www.eoiestepona.org\/web\/wp-content\/uploads\/2021\/11\/proyecto_educativo-3.pdf\" class=\"wp-block-file__button\" download>Descarga<\/a><\/div>\n\n\n\n<div class=\"wp-block-file\"><a href=\"http:\/\/www.eoiestepona.org\/web\/wp-content\/uploads\/2021\/04\/proyecto_gestion.pdf\">proyecto_gestion<\/a><a href=\"http:\/\/www.eoiestepona.org\/web\/wp-content\/uploads\/2021\/04\/proyecto_gestion.pdf\" class=\"wp-block-file__button\" download>Descarga<\/a><\/div>\n\n\n\n<p><a href=\"https:\/\/drive.google.com\/file\/d\/1gJCTSplgVDMJ505lHfX-QZ2IUdCaLIQj\/view\" target=\"_blank\" rel=\"noreferrer noopener\">Protocolo COVID<\/a><\/p>\n\n\n\n<div class=\"wp-block-file\"><a href=\"http:\/\/www.eoiestepona.org\/web\/wp-content\/uploads\/2021\/04\/reglamento_de_organizacion_funcionamiento-1.pdf\">reglamento_de_organizacion_funcionamiento-1<\/a><a href=\"http:\/\/www.eoiestepona.org\/web\/wp-content\/uploads\/2021\/04\/reglamento_de_organizacion_funcionamiento-1.pdf\" class=\"wp-block-file__button\" download>Descarga<\/a><\/div>\n\n\n\n<div class=\"wp-block-file\"><a href=\"http:\/\/www.eoiestepona.org\/web\/wp-content\/uploads\/2021\/04\/plan_actuacion_digital.pdf\">plan_actuacion_digital<\/a><a href=\"http:\/\/www.eoiestepona.org\/web\/wp-content\/uploads\/2021\/04\/plan_actuacion_digital.pdf\" class=\"wp-block-file__button\" download>Descarga<\/a><\/div>\n\n\n\n<p><a rel=\"noreferrer noopener\" href=\"https:\/\/drive.google.com\/file\/d\/1Ah_BeJjwtmaY_tUaa9mf97abUOPdxELj\/view?usp=sharing\" target=\"_blank\">Plan de Mejora<\/a><\/p>\n\n\n\n<p><a rel=\"noreferrer noopener\" href=\"https:\/\/drive.google.com\/file\/d\/1cY6ggkZ6DbJCSQWLMJnxziprC5PtZvNV\/view?usp=sharing\" target=\"_blank\">PAE<\/a><\/p>\n\n\n\n<ul class=\"wp-block-list\"><li><a rel=\"noreferrer noopener\" href=\"http:\/\/www.eoiestepona.org\/doc_web\/programacion_ingles.pdf\" target=\"_blank\"><strong>Programaci\u00f3n de ingl\u00e9s<\/strong><\/a><\/li><li><a href=\"http:\/\/www.eoiestepona.org\/web\/wp-content\/uploads\/2022\/04\/ANEXO_INGLES.pdf\">Anexos<\/a><\/li><li><a rel=\"noreferrer noopener\" href=\"http:\/\/www.eoiestepona.org\/doc_web\/programacion_frances.pdf\" target=\"_blank\"><strong>Programaci\u00f3n de franc\u00e9s<\/strong><\/a><\/li><li><a rel=\"noreferrer noopener\" href=\"http:\/\/www.eoiestepona.org\/doc_web\/programacion_frances_anexo.pdf\" target=\"_blank\">Anexos<\/a><\/li><\/ul>\n\n\n\n<div class=\"wp-block-file\"><a href=\"http:\/\/www.eoiestepona.org\/web\/wp-content\/uploads\/2021\/04\/programacion_dofeie.pdf\">programacion_dofeie<\/a><a href=\"http:\/\/www.eoiestepona.org\/web\/wp-content\/uploads\/2021\/04\/programacion_dofeie.pdf\" class=\"wp-block-file__button\" download>Descarga<\/a><\/div>\n\n\n\n<div class=\"wp-block-file\"><a href=\"http:\/\/www.eoiestepona.org\/web\/wp-content\/uploads\/2021\/11\/Plan_igualdad_EOI_Estepona.pdf\">Plan_igualdad_EOI_Estepona<\/a><a href=\"http:\/\/www.eoiestepona.org\/web\/wp-content\/uploads\/2021\/11\/Plan_igualdad_EOI_Estepona.pdf\" class=\"wp-block-file__button\" download>Descarga<\/a><\/div>\n","protected":false},"excerpt":{"rendered":"<p>Protocolo COVID Plan de Mejora PAE Programaci\u00f3n de ingl\u00e9s Anexos Programaci\u00f3n de franc\u00e9s Anexos<\/p>\n","protected":false},"author":2,"featured_media":0,"parent":0,"menu_order":0,"comment_status":"closed","ping_status":"closed","template":"","meta":{"footnotes":""},"class_list":["post-2707","page","type-page","status-publish","hentry"],"_links":{"self":[{"href":"https:\/\/www.eoiestepona.org\/web\/wp-json\/wp\/v2\/pages\/2707","targetHints":{"allow":["GET"]}}],"collection":[{"href":"https:\/\/www.eoiestepona.org\/web\/wp-json\/wp\/v2\/pages"}],"about":[{"href":"https:\/\/www.eoiestepona.org\/web\/wp-json\/wp\/v2\/types\/page"}],"author":[{"embeddable":true,"href":"https:\/\/www.eoiestepona.org\/web\/wp-json\/wp\/v2\/users\/2"}],"replies":[{"embeddable":true,"href":"https:\/\/www.eoiestepona.org\/web\/wp-json\/wp\/v2\/comments?post=2707"}],"version-history":[{"count":11,"href":"https:\/\/www.eoiestepona.org\/web\/wp-json\/wp\/v2\/pages\/2707\/revisions"}],"predecessor-version":[{"id":4093,"href":"https:\/\/www.eoiestepona.org\/web\/wp-json\/wp\/v2\/pages\/2707\/revisions\/4093"}],"wp:attachment":[{"href":"https:\/\/www.eoiestepona.org\/web\/wp-json\/wp\/v2\/media?parent=2707"}],"curies":[{"name":"wp","href":"https:\/\/api.w.org\/{rel}","templated":true}]}}