{"id":5002,"date":"2023-09-27T09:39:38","date_gmt":"2023-09-27T07:39:38","guid":{"rendered":"https:\/\/www.eoiestepona.org\/web\/?page_id=5002"},"modified":"2023-09-27T09:47:23","modified_gmt":"2023-09-27T07:47:23","slug":"devolucion-de-tasas","status":"publish","type":"page","link":"https:\/\/www.eoiestepona.org\/web\/devolucion-de-tasas\/","title":{"rendered":"Devoluci\u00f3n de tasas"},"content":{"rendered":"\n<h1 class=\"wp-block-heading\"><\/h1>\n\n\n\n<p>Se podr\u00e1&nbsp;solicitar la devoluci\u00f3n de las tasas abonadas en los siguientes supuestos:<\/p>\n\n\n\n<ul class=\"wp-block-list\">\n<li>Cuando existan errores o duplicidad en el pago.<\/li>\n\n\n\n<li>Cuando, por causas imputables al centro o a la Administraci\u00f3n, no se haya podido proceder a&nbsp;la matriculaci\u00f3n.<\/li>\n\n\n\n<li>Cuando el alumno sea&nbsp;beneficiario de beca y haya abonado las tasas.<\/li>\n<\/ul>\n\n\n\n<p>De acuerdo con la orden del 20 de abril de 2012 (BOJA n\u00fam. 86, del 4 de mayo de 2012), en ning\u00fan caso la anulaci\u00f3n de la matr\u00edcula dar\u00e1 derecho a la devoluci\u00f3n de las tasas acad\u00e9micas.&nbsp; En ning\u00fan caso proceder\u00e1 la devoluci\u00f3n por renuncia a los estudios o por haber tenido el centro que modificar los horarios de los grupos ofertados inicialmente en la matriculaci\u00f3n.<\/p>\n\n\n\n<p><strong>Documentaci\u00f3n necesaria:<\/strong><\/p>\n\n\n\n<ul class=\"wp-block-list\">\n<li><a href=\"http:\/\/www.eoiestepona.org\/web\/wp-content\/uploads\/2023\/09\/Solicitud-devolucion-tasas.pdf\" data-type=\"link\" data-id=\"http:\/\/www.eoiestepona.org\/web\/wp-content\/uploads\/2023\/09\/Solicitud-devolucion-tasas.pdf\">Documento de solicitud de devoluci\u00f3n de tasas <\/a><\/li>\n\n\n\n<li><a href=\"http:\/\/www.eoiestepona.org\/web\/wp-content\/uploads\/2023\/09\/MANTENIMIENTO-CUENTA-DE-TERCEROS.pdf\">Documento de mantenimiento de cuentas de terceros<\/a>&nbsp;(llevarlo al banco para que sea sellado y se certifique que la cuenta pertenece al interesado)<\/li>\n\n\n\n<li>Fotocopia del DNI del interesado.<\/li>\n\n\n\n<li>Original de la carta de pago (ejemplar para el interesado).<\/li>\n\n\n\n<li>Si procede, fotocopia de la credencial de becario\/a.<\/li>\n<\/ul>\n\n\n\n<p>El impreso se ha de entregar en la Secretar\u00eda de la EOI de Estepona (si lo hace as\u00ed se podr\u00e1 tramitar m\u00e1s \u00e1gilmente y podremos resolver cualquier duda) o enviar por correo postal certificado.<\/p>\n","protected":false},"excerpt":{"rendered":"<p>Se podr\u00e1&nbsp;solicitar la devoluci\u00f3n de las tasas abonadas en los siguientes supuestos: De acuerdo con la orden del 20 de abril de 2012 (BOJA n\u00fam. 86, del 4 de mayo &#8230;<\/p>\n","protected":false},"author":2,"featured_media":0,"parent":0,"menu_order":0,"comment_status":"closed","ping_status":"closed","template":"","meta":{"footnotes":""},"class_list":["post-5002","page","type-page","status-publish","hentry"],"_links":{"self":[{"href":"https:\/\/www.eoiestepona.org\/web\/wp-json\/wp\/v2\/pages\/5002","targetHints":{"allow":["GET"]}}],"collection":[{"href":"https:\/\/www.eoiestepona.org\/web\/wp-json\/wp\/v2\/pages"}],"about":[{"href":"https:\/\/www.eoiestepona.org\/web\/wp-json\/wp\/v2\/types\/page"}],"author":[{"embeddable":true,"href":"https:\/\/www.eoiestepona.org\/web\/wp-json\/wp\/v2\/users\/2"}],"replies":[{"embeddable":true,"href":"https:\/\/www.eoiestepona.org\/web\/wp-json\/wp\/v2\/comments?post=5002"}],"version-history":[{"count":4,"href":"https:\/\/www.eoiestepona.org\/web\/wp-json\/wp\/v2\/pages\/5002\/revisions"}],"predecessor-version":[{"id":5010,"href":"https:\/\/www.eoiestepona.org\/web\/wp-json\/wp\/v2\/pages\/5002\/revisions\/5010"}],"wp:attachment":[{"href":"https:\/\/www.eoiestepona.org\/web\/wp-json\/wp\/v2\/media?parent=5002"}],"curies":[{"name":"wp","href":"https:\/\/api.w.org\/{rel}","templated":true}]}}