{"id":5173,"date":"2025-01-13T10:41:41","date_gmt":"2025-01-13T09:41:41","guid":{"rendered":"https:\/\/www.eoiestepona.org\/web\/?page_id=5173"},"modified":"2026-01-07T17:17:01","modified_gmt":"2026-01-07T16:17:01","slug":"cursos-cuatrimestrales","status":"publish","type":"page","link":"https:\/\/www.eoiestepona.org\/web\/cursos-cuatrimestrales\/","title":{"rendered":"Cursos cuatrimestrales"},"content":{"rendered":"\n<p>A partir de enero se podr\u00e1n solicitar los cursos cuatrimestrales que comienzan en <strong>febrero<\/strong> y terminan en <strong>mayo<\/strong> .<\/p>\n\n\n\n<p>En este segundo cuatrimestre se ofertan para los siguientes cursos:<\/p>\n\n\n\n<p><strong><mark style=\"background-color:rgba(0, 0, 0, 0)\" class=\"has-inline-color has-vivid-red-color\">Activa tu ingl\u00e9s B1 &#8211; Activa tu ingl\u00e9s B2 &#8211;  Activa tu ingl\u00e9s C1<\/mark><\/strong><\/p>\n\n\n\n<p>Estos cursos est\u00e1n enfocados a la competencia comunicativa; principalmente se trabajar\u00e1 la destreza oral (comprensi\u00f3n y expresi\u00f3n). A trav\u00e9s de aspectos culturales y de actualidad el alumnado realizar\u00e1n actividades para desenvolverse en situaciones en ingl\u00e9s. Estos cursos est\u00e1n estructurados en tres niveles B1, B2 y C1. Se tratan de cursos complementarios a los cursos oficiales con certificado de asistencia al finalizarlo.<\/p>\n\n\n\n<p><\/p>\n\n\n\n<p class=\"has-black-color has-text-color has-link-color wp-elements-ec4feb990545c15ca67c89fb0a3c033f\"><strong>\u00bfC\u00f3mo presento mi solicitud?<\/strong><\/p>\n\n\n\n<p class=\"has-medium-font-size\">Puedes presentar tu solicitud <strong>del 8 al 16 de enero<\/strong>, ambos inclusive. Puedes presentar tu solicitud a trav\u00e9s del siguiente formulario:<\/p>\n\n\n\n<p class=\"has-text-align-center has-large-font-size\"><strong><a href=\"https:\/\/docs.google.com\/forms\/d\/e\/1FAIpQLSexRXM8vYEJnWw86b2kVq6-hFYxBuShH8bvc_ZoMFP_zKgrUA\/viewform?usp=dialog\" target=\"_blank\" rel=\"noreferrer noopener\">FORMULARIO<\/a><\/strong><\/p>\n\n\n\n<p>Es necesario contar con un n\u00famero m\u00ednimo de solicitudes para impartir el curso.<\/p>\n\n\n\n<p class=\"has-black-color has-text-color has-link-color has-medium-font-size wp-elements-25b91015cb45317f1fca075e944bef3e\"><strong>HORARIOS<\/strong> <\/p>\n\n\n\n<ul class=\"wp-block-list\">\n<li><strong>Activa tu Ingl\u00e9s B1<\/strong> &#8211; mi\u00e9rcoles de 16.30 a 18.30 horas.<\/li>\n\n\n\n<li><strong>Activa tu ingl\u00e9s B2 <\/strong>&#8211; martes de  16.30 a 18.30 horas.<\/li>\n\n\n\n<li><strong>Activa tu ingl\u00e9s C1<\/strong> &#8211; martes de 19.00 a 21.00 horas<\/li>\n<\/ul>\n\n\n\n<p class=\"has-black-color has-text-color has-link-color has-medium-font-size wp-elements-0a73ea3ee1cea948be46e30e910c77ba\"><strong>INICIO DE LOS CURSOS:  FEBRERO<\/strong><\/p>\n\n\n\n<p><strong>Requisitos de acceso<\/strong><\/p>\n\n\n\n<p>16 a\u00f1os cumplidos antes del 31 de diciembre de 2025.<\/p>\n\n\n\n<p><strong>TASAS<\/strong><\/p>\n\n\n\n<p>Cursos cuatrimestrales:<\/p>\n\n\n\n<figure class=\"wp-block-table\"><table><tbody><tr><td><\/td><td class=\"has-text-align-center\" data-align=\"center\"><strong>Ordinaria<\/strong><\/td><td class=\"has-text-align-center\" data-align=\"center\"><strong>Familia numerosa<\/strong><\/td><\/tr><tr><td><strong>Matriculado por 1\u00aa vez<\/strong><\/td><td class=\"has-text-align-center\" data-align=\"center\"><strong>42,14<\/strong>&nbsp;\u20ac<\/td><td class=\"has-text-align-center\" data-align=\"center\"><strong>21,07<\/strong>&nbsp;\u20ac<\/td><\/tr><tr><td><strong>Antiguo alumno<\/strong><\/td><td class=\"has-text-align-center\" data-align=\"center\"><strong>20,64<\/strong>&nbsp;\u20ac<\/td><td class=\"has-text-align-center\" data-align=\"center\"><strong>10,32<\/strong>&nbsp;\u20ac<\/td><\/tr><tr><td><strong>Alumno oficial durante este curso<\/strong><\/td><td class=\"has-text-align-center\" data-align=\"center\"><strong>12,04<\/strong>&nbsp;\u20ac<\/td><td class=\"has-text-align-center\" data-align=\"center\"><strong>6,02<\/strong>&nbsp;\u20ac<\/td><\/tr><\/tbody><\/table><figcaption class=\"wp-element-caption\">En nuestra secci\u00f3n <a href=\"https:\/\/www.eoiestepona.org\/web\/tasas\/\">Tasas<\/a> podr\u00e1 consultar si puede estar exento del pago.<\/figcaption><\/figure>\n\n\n\n<figure class=\"wp-block-image size-full\"><img loading=\"lazy\" decoding=\"async\" width=\"591\" height=\"591\" src=\"http:\/\/www.eoiestepona.org\/web\/wp-content\/uploads\/2024\/01\/cursos-cuatrimestrales-1.jpg\" alt=\"\" class=\"wp-image-5193\" srcset=\"https:\/\/www.eoiestepona.org\/web\/wp-content\/uploads\/2024\/01\/cursos-cuatrimestrales-1.jpg 591w, https:\/\/www.eoiestepona.org\/web\/wp-content\/uploads\/2024\/01\/cursos-cuatrimestrales-1-300x300.jpg 300w, https:\/\/www.eoiestepona.org\/web\/wp-content\/uploads\/2024\/01\/cursos-cuatrimestrales-1-150x150.jpg 150w\" sizes=\"auto, (max-width: 591px) 100vw, 591px\" \/><\/figure>\n","protected":false},"excerpt":{"rendered":"<p>A partir de enero se podr\u00e1n solicitar los cursos cuatrimestrales que comienzan en febrero y terminan en mayo . En este segundo cuatrimestre se ofertan para los siguientes cursos: Activa &#8230;<\/p>\n","protected":false},"author":2,"featured_media":5193,"parent":0,"menu_order":0,"comment_status":"closed","ping_status":"closed","template":"","meta":{"footnotes":""},"class_list":["post-5173","page","type-page","status-publish","has-post-thumbnail","hentry"],"_links":{"self":[{"href":"https:\/\/www.eoiestepona.org\/web\/wp-json\/wp\/v2\/pages\/5173","targetHints":{"allow":["GET"]}}],"collection":[{"href":"https:\/\/www.eoiestepona.org\/web\/wp-json\/wp\/v2\/pages"}],"about":[{"href":"https:\/\/www.eoiestepona.org\/web\/wp-json\/wp\/v2\/types\/page"}],"author":[{"embeddable":true,"href":"https:\/\/www.eoiestepona.org\/web\/wp-json\/wp\/v2\/users\/2"}],"replies":[{"embeddable":true,"href":"https:\/\/www.eoiestepona.org\/web\/wp-json\/wp\/v2\/comments?post=5173"}],"version-history":[{"count":12,"href":"https:\/\/www.eoiestepona.org\/web\/wp-json\/wp\/v2\/pages\/5173\/revisions"}],"predecessor-version":[{"id":6622,"href":"https:\/\/www.eoiestepona.org\/web\/wp-json\/wp\/v2\/pages\/5173\/revisions\/6622"}],"wp:featuredmedia":[{"embeddable":true,"href":"https:\/\/www.eoiestepona.org\/web\/wp-json\/wp\/v2\/media\/5193"}],"wp:attachment":[{"href":"https:\/\/www.eoiestepona.org\/web\/wp-json\/wp\/v2\/media?parent=5173"}],"curies":[{"name":"wp","href":"https:\/\/api.w.org\/{rel}","templated":true}]}}